{"id":11099,"date":"2026-01-21T00:04:36","date_gmt":"2026-01-20T23:04:36","guid":{"rendered":"https:\/\/malibu.webcreationagency.it\/kontakt\/"},"modified":"2026-02-23T12:45:38","modified_gmt":"2026-02-23T11:45:38","slug":"kontakt","status":"publish","type":"page","link":"https:\/\/campingmalibubeach.com\/de\/kontakt\/","title":{"rendered":"Kontakt"},"content":{"rendered":"\t\t<div data-elementor-type=\"wp-page\" data-elementor-id=\"11099\" class=\"elementor elementor-11099 elementor-7328\">\n\t\t\t\t<div class=\"elementor-element elementor-element-b3c3918 e-flex e-con-boxed sc_layouts_column_icons_position_left e-con e-parent\" data-id=\"b3c3918\" data-element_type=\"container\" data-e-type=\"container\">\n\t\t\t\t\t<div class=\"e-con-inner\">\n\t\t\t\t<div data-animation-type=\"block\" class=\"elementor-element elementor-element-ad5f5a5 animation_type_block sc_fly_static elementor-invisible elementor-widget elementor-widget-heading\" data-id=\"ad5f5a5\" data-element_type=\"widget\" data-e-type=\"widget\" data-settings=\"{&quot;_animation&quot;:&quot;ta_fadeinup&quot;}\" data-widget_type=\"heading.default\">\n\t\t\t\t<div class=\"elementor-widget-container\">\n\t\t\t\t\t<h6 class=\"elementor-heading-title elementor-size-default\">MALIBU BEACH VILLAGE<\/h6>\t\t\t\t<\/div>\n\t\t\t\t<\/div>\n\t\t<div class=\"elementor-element elementor-element-4f3050a e-con-full e-flex sc_layouts_column_icons_position_left e-con e-child\" data-id=\"4f3050a\" data-element_type=\"container\" data-e-type=\"container\">\n\t\t<div data-animation-type=\"block\" class=\"elementor-element elementor-element-5ac0d37 e-con-full e-flex sc_layouts_column_icons_position_left animation_type_block elementor-invisible e-con e-child\" data-id=\"5ac0d37\" data-element_type=\"container\" data-e-type=\"container\" data-settings=\"{&quot;animation&quot;:&quot;ta_fadeinup&quot;}\">\n\t\t\t\t<div class=\"elementor-element elementor-element-79cbe0d elementor-widget__width-initial sc_fly_static elementor-widget elementor-widget-heading\" data-id=\"79cbe0d\" data-element_type=\"widget\" data-e-type=\"widget\" data-widget_type=\"heading.default\">\n\t\t\t\t<div class=\"elementor-widget-container\">\n\t\t\t\t\t<h1 class=\"elementor-heading-title elementor-size-default\">Reservierungsb\u00fcro<\/h1>\t\t\t\t<\/div>\n\t\t\t\t<\/div>\n\t\t\t\t<div class=\"elementor-element elementor-element-c8e653d elementor-widget__width-initial sc_fly_static elementor-widget elementor-widget-text-editor\" data-id=\"c8e653d\" data-element_type=\"widget\" data-e-type=\"widget\" data-widget_type=\"text-editor.default\">\n\t\t\t\t<div class=\"elementor-widget-container\">\n\t\t\t\t\t\t\t\t\t<p>Kontaktieren Sie unser Reservierungsb\u00fcro, indem Sie das Formular ausf\u00fcllen oder die Nummer +39 0421362212 anrufen.<\/p>\t\t\t\t\t\t\t\t<\/div>\n\t\t\t\t<\/div>\n\t\t\t\t<div class=\"elementor-element elementor-element-3524130 trx-addons-icon-list-traditional elementor-list-item-link-inline trx-addons-icon-left sc_fly_static elementor-widget elementor-widget-trx_elm_icon_list\" data-id=\"3524130\" data-element_type=\"widget\" data-e-type=\"widget\" data-widget_type=\"trx_elm_icon_list.default\">\n\t\t\t\t<div class=\"elementor-widget-container\">\n\t\t\t\t\t\t\t<div class=\"trx-addons-list-container\">\n\t\t\t<ul class=\"trx-addons-list-items\">\n\t\t\t\t\t\t\t\t\t\t\t\t\t\t\t\t\t\t\t\t\t<li class=\"trx-addons-icon-list-item trx-addons-icon-list-item-without-link elementor-repeater-item-2039fe8\">\n\t\t\t\t\t\t\t\t\t\t<span class=\"trx-addons-icon-wrapper\">\n\t\t\t\t\t\t\t\t\t\t<span class=\"trx-addons-icon-list-icon trx-addons-icon \">\n\t\t\t\t\t\t<svg xmlns=\"http:\/\/www.w3.org\/2000\/svg\" viewBox=\"0 0 17.11 19.63\"><path class=\"cls-1\" d=\"M8.56,11.78c-1.94,0-3.51-1.57-3.51-3.51s1.57-3.51,3.51-3.51,3.51,1.57,3.51,3.51-1.58,3.51-3.51,3.51Zm0-5.72c-1.22,0-2.21,.99-2.21,2.21s.99,2.21,2.21,2.21,2.21-.99,2.21-2.21-.99-2.21-2.21-2.21Z\"><\/path><path class=\"cls-1\" d=\"M8.56,19.63c-1.35,0-2.7-.51-3.76-1.52C2.1,15.52-.88,11.39,.24,6.46H.24C1.26,2,5.15,0,8.55,0h0c3.41,0,7.3,2,8.31,6.46,1.12,4.93-1.87,9.06-4.57,11.65-1.05,1.01-2.4,1.52-3.75,1.52ZM1.51,6.74c-.98,4.34,1.74,8.07,4.19,10.43,1.6,1.54,4.11,1.54,5.71,0,2.46-2.36,5.18-6.08,4.2-10.43-.91-4.02-4.37-5.45-7.05-5.45h0C5.87,1.3,2.42,2.73,1.51,6.74h0Z\"><\/path><\/svg><\/span>\t\t\t<\/span>\n\t\t\t\t\t\t\t\t\t\t<p class=\"trx-addons-icon-list-text\">\n\t\t\t\t\t\t\t\tViale Oriente, 78 - 30016 Jesolo Venedig \u2013 Italien\t\t\t\t\t\t\t<\/p>\n\t\t\t\t\t\t\t\t\t\t\t\t\t<\/li>\n\t\t\t\t\t\t\t\t\t\t\t\t\t<\/ul>\n\t\t<\/div>\n\t\t\t\t\t\t<\/div>\n\t\t\t\t<\/div>\n\t\t\t\t<div class=\"elementor-element elementor-element-045cf9f trx-addons-icon-list-traditional elementor-list-item-link-inline trx-addons-icon-left sc_fly_static elementor-widget elementor-widget-trx_elm_icon_list\" data-id=\"045cf9f\" data-element_type=\"widget\" data-e-type=\"widget\" data-widget_type=\"trx_elm_icon_list.default\">\n\t\t\t\t<div class=\"elementor-widget-container\">\n\t\t\t\t\t\t\t<div class=\"trx-addons-list-container\">\n\t\t\t<ul class=\"trx-addons-list-items\">\n\t\t\t\t\t\t\t\t\t\t\t\t\t\t\t\t\t\t\t\t\t<li class=\"trx-addons-icon-list-item trx-addons-icon-list-item-with-link elementor-repeater-item-2039fe8\">\n\t\t\t\t\t\t\t\t\t\t\t\t\t\t\t<a href=\"tel:+390421362212\">\n\t\t\t\t\t\t\t\t\t\t\t<span class=\"trx-addons-icon-wrapper\">\n\t\t\t\t\t\t\t\t\t\t<span class=\"trx-addons-icon-list-icon trx-addons-icon \">\n\t\t\t\t\t\t<svg xmlns=\"http:\/\/www.w3.org\/2000\/svg\" viewBox=\"0 0 15.3 20.3\"><path d=\"M10.27,20.3H5.02c-3.85,0-5.02-1.26-5.02-5.4V5.4C0,1.26,1.17,0,5.02,0h5.25c3.85,0,5.03,1.26,5.03,5.4V14.9c0,4.14-1.17,5.4-5.03,5.4ZM5.02,1.3C1.89,1.3,1.3,1.95,1.3,5.4V14.9c0,3.45,.59,4.1,3.73,4.1h5.25c3.13,0,3.72-.65,3.72-4.1V5.4c0-3.45-.59-4.1-3.72-4.1H5.02Z\"><\/path><path d=\"M9.4,4.62h-3.5c-.36,0-.65-.29-.65-.65s.29-.65,.65-.65h3.5c.36,0,.65,.29,.65,.65s-.29,.65-.65,.65Z\"><\/path><path d=\"M7.65,17.55c-1.11,0-2.01-.95-2.01-2.12s.9-2.12,2.01-2.12,2.01,.95,2.01,2.12-.9,2.12-2.01,2.12Zm0-2.95c-.39,0-.71,.37-.71,.82s.32,.82,.71,.82,.71-.37,.71-.82-.32-.82-.71-.82Z\"><\/path><\/svg><\/span>\t\t\t<\/span>\n\t\t\t\t\t\t\t\t\t\t<h6 class=\"trx-addons-icon-list-text\">\n\t\t\t\t\t\t\t\t+39 0421362212\t\t\t\t\t\t\t<\/h6>\n\t\t\t\t\t\t\t\t\t\t\t\t\t\t\t<\/a>\n\t\t\t\t\t\t\t\t\t\t\t\t\t\t<\/li>\n\t\t\t\t\t\t\t\t\t\t\t\t\t<\/ul>\n\t\t<\/div>\n\t\t\t\t\t\t<\/div>\n\t\t\t\t<\/div>\n\t\t\t\t<\/div>\n\t\t<div data-animation-type=\"block\" class=\"elementor-element elementor-element-52e2074 e-con-full e-flex sc_layouts_column_icons_position_left animation_type_block elementor-invisible e-con e-child\" data-id=\"52e2074\" data-element_type=\"container\" data-e-type=\"container\" data-settings=\"{&quot;animation&quot;:&quot;ta_fadeinup&quot;,&quot;animation_delay&quot;:100}\">\n\t\t\t\t<div class=\"elementor-element elementor-element-a44f54c sc_fly_static elementor-widget elementor-widget-shortcode\" data-id=\"a44f54c\" data-element_type=\"widget\" data-e-type=\"widget\" data-widget_type=\"shortcode.default\">\n\t\t\t\t<div class=\"elementor-widget-container\">\n\t\t\t\t\t\t\t<div class=\"elementor-shortcode\"><style>\r\n\t#errorMsg {\r\n\tcolor:red;\r\n\t}\r\n\t\r\n\t#contactConfirm {\r\n\tdisplay:none;\r\n\t}\r\n\/* BASE FORM *\/\r\n#contactForm {\r\n\tmax-width: 700px;\r\n\tmargin: 0 auto;\r\n\tfont-family: inherit;\r\n}\r\n\r\n#contactForm input,\r\n#contactForm select,\r\n#contactForm textarea {\r\n\twidth: 100%;\r\n\tpadding: 10px 12px;\r\n\tmargin-bottom: 12px;\r\n\tborder: 1px solid #ccc;\r\n\tborder-radius: 4px;\r\n\tfont-size: 14px;\r\n\tbox-sizing: border-box;\r\n}\r\n\r\n\/* SELECT *\/\r\n#contactForm select {\r\n\tbackground-color: #fff;\r\n\tcursor: pointer;\r\n}\r\n\r\n\/* TEXTAREA *\/\r\n#contactForm textarea {\r\n\tresize: vertical;\r\n\tmin-height: 120px;\r\n}\r\n\r\n\/* FOCUS *\/\r\n#contactForm input:focus,\r\n#contactForm select:focus,\r\n#contactForm textarea:focus {\r\n\toutline: none;\r\n\tborder-color: #000;\r\n\tbox-shadow: 0 0 0 2px rgba(0,0,0,0.08);\r\n}\r\n\r\n\/* CHECKBOX \u2014 FIX DEFINITIVO QODE *\/\r\n\r\n\/* layout testo checkbox *\/\r\n#contactForm input[type=\"checkbox\"] {\r\n\twidth: auto;\r\n\tmargin-right: 6px;\r\n\tmargin-bottom: 0;\r\n\tvertical-align: middle;\r\n\r\n\t\/* forza checkbox nativo *\/\r\n\tposition: static !important;\r\n\topacity: 1 !important;\r\n\tvisibility: visible !imp\r\n\t\r\n<\/style>\r\n<div>\r\n  <form action=\"#\" id=\"contactForm\">\r\n\t<select id='place' class=\"wpcf7-form-control wpcf7-text wpcf7-email wpcf7-validates-as-required wpcf7-validates-as-email\" name=\"\" required=\"required\" >\r\n\t\t<option value=\"\">Select...<\/option>\r\n\t\t\t<option>LODGING VERDEMARE<\/option>\r\n\t\t\t<option>LODGING UNIKA<\/option>\r\n\t\t\t<option>LODGING AQUAVISTA<\/option>\r\n\t\t\t<option>LODGING AQUATICA<\/option>\r\n\t\t\t<option>LODGING AQUALUX<\/option>\r\n\t\t\t<option>LODGING AQUAMARE<\/option>\r\n\t\t\t<option>LODGING AQUOLINA<\/option>\r\n\t\t\t<option>LODGING NATIVA<\/option>\r\n\t\t\t<option>LODGING CABANA<\/option>\r\n\t\t\t<option>LODGING COTTAGE BEACH<\/option>\r\n\t\t\t<option>LODGING COTTAGE LIVING PLUS<\/option>\r\n\t\t\t<option>LODGING COTTAGE LIVING<\/option>\r\n\t\t\t<option>LODGING CHALET BRICK<\/option>\r\n\t\t\t<option>LODGING LAGUNA IMAGE<\/option>\r\n\t\t\t<option>LODGING SMART RED<\/option>\r\n\t\t\t<option>GLAMPING CLASSIC<\/option>\r\n\t\t\t<option>GLAMPING SUITE<\/option>\r\n\t\t\t<option>GLAMPING LODGE<\/option>\r\n\t\t\t<option>GLAMPING LAGUNA LODGE<\/option>\r\n\t\t\t<option>GLAMPING LAGUNA TOP LODGE<\/option>\r\n\t\t\t<option>GLAMPING NEST<\/option>\r\n\t\t\t<option>PIAZZOLA PLUS<\/option>\t\t\r\n\t<\/select>  \r\n    <input class=\"wpcf7-form-control wpcf7-text wpcf7-email wpcf7-validates-as-required wpcf7-validates-as-email\" type=\"text\" id=\"firstname\" name=\"firstname\" placeholder=\"Vorname\">\r\n\t<input type=\"text\" id=\"lastname\" name=\"lastname\" placeholder=\"Nachname\">\r\n\t<input type=\"text\" id=\"email\" name=\"email\" placeholder=\"Email\">\r\n    <input type=\"text\" id=\"phone\" name=\"phone\" placeholder=\"Telefon\">\r\n\t<input type=\"text\" id=\"city\" name=\"city\" placeholder=\"Stadt\">\r\n\t<input type=\"text\" id=\"country\" name=\"country\" placeholder=\"Land\">\r\n\t<textarea class=\"wpcf7-form-control wpcf7-textarea\" id=\"message\" name=\"\" rows=\"5\" cols=\"50\" placeholder=\"Anfrage\"><\/textarea>\r\n\t<input type=\"checkbox\" id=\"privacy\" name=\"privacy\"> Ich best\u00e4tige, dass ich die <a href=\"\/de\/privacy-policy\/\">Informationen zur Datenverarbeitung<\/a> gelesen habe.<br><br>\r\n\t<input type=\"checkbox\" id=\"marketing\" name=\"marketing\"> Ich best\u00e4tige, dass ich die <a href=\"\/de\/privacy-policy\/\">Informationen zur Datenverarbeitung<\/a> gelesen habe und stimme der Verarbeitung zum Versenden von kommerziellen Mitteilungen, einschlie\u00dflich Newslettern <i>(optional)<\/i><br><br>\r\n\t<div id=\"errorMsg\"><\/div>\r\n\t<br \/>\r\n    <input class=\"qodef-btn qodef-btn-medium qodef-btn-solid\" type=\"button\" onclick=\"malibu_contact()\" value=\"ABSENDEN\">\r\n\t<hr>\r\n  <\/form>\r\n  <div id='contactConfirm'>\r\n\tIhre Nachricht wurde gesendet.\r\n  <\/div>\r\n<\/div>\r\n<\/div>\n\t\t\t\t\t\t<\/div>\n\t\t\t\t<\/div>\n\t\t\t\t<\/div>\n\t\t\t\t<\/div>\n\t\t\t\t\t<\/div>\n\t\t\t\t<\/div>\n\t\t\t\t<\/div>\n\t\t","protected":false},"excerpt":{"rendered":"<p>MALIBU BEACH VILLAGE Reservierungsb\u00fcro Kontaktieren Sie unser Reservierungsb\u00fcro, indem Sie das Formular ausf\u00fcllen&hellip;<\/p>\n","protected":false},"author":1,"featured_media":0,"parent":0,"menu_order":0,"comment_status":"closed","ping_status":"closed","template":"","meta":{"footnotes":""},"class_list":["post-11099","page","type-page","status-publish","hentry"],"yoast_head":"<!-- This site is optimized with the Yoast SEO plugin v27.2 - https:\/\/yoast.com\/product\/yoast-seo-wordpress\/ -->\n<title>Kontakt - Malibu Beach Camping Village Jesolo<\/title>\n<meta name=\"robots\" content=\"index, follow, max-snippet:-1, max-image-preview:large, max-video-preview:-1\" \/>\n<link rel=\"canonical\" href=\"https:\/\/campingmalibubeach.com\/de\/kontakt\/\" \/>\n<meta property=\"og:locale\" content=\"de_DE\" \/>\n<meta property=\"og:type\" content=\"article\" \/>\n<meta property=\"og:title\" content=\"Kontakt - Malibu Beach Camping Village Jesolo\" \/>\n<meta property=\"og:description\" content=\"MALIBU BEACH VILLAGE Reservierungsb\u00fcro Kontaktieren Sie unser Reservierungsb\u00fcro, indem Sie das Formular ausf\u00fcllen&hellip;\" \/>\n<meta property=\"og:url\" content=\"https:\/\/campingmalibubeach.com\/de\/kontakt\/\" \/>\n<meta property=\"og:site_name\" content=\"Malibu Beach Camping Village Jesolo\" \/>\n<meta property=\"article:publisher\" content=\"https:\/\/www.facebook.com\/CampingMalibuBeach\" \/>\n<meta property=\"article:modified_time\" content=\"2026-02-23T11:45:38+00:00\" \/>\n<meta name=\"twitter:card\" content=\"summary_large_image\" \/>\n<meta name=\"twitter:label1\" content=\"Gesch\u00e4tzte Lesezeit\" \/>\n\t<meta name=\"twitter:data1\" content=\"1\u00a0Minute\" \/>\n<script type=\"application\/ld+json\" class=\"yoast-schema-graph\">{\"@context\":\"https:\/\/schema.org\",\"@graph\":[{\"@type\":\"WebPage\",\"@id\":\"https:\/\/campingmalibubeach.com\/de\/kontakt\/\",\"url\":\"https:\/\/campingmalibubeach.com\/de\/kontakt\/\",\"name\":\"Kontakt - Malibu Beach Camping Village Jesolo\",\"isPartOf\":{\"@id\":\"https:\/\/campingmalibubeach.com\/de\/#website\"},\"datePublished\":\"2026-01-20T23:04:36+00:00\",\"dateModified\":\"2026-02-23T11:45:38+00:00\",\"breadcrumb\":{\"@id\":\"https:\/\/campingmalibubeach.com\/de\/kontakt\/#breadcrumb\"},\"inLanguage\":\"de\",\"potentialAction\":[{\"@type\":\"ReadAction\",\"target\":[\"https:\/\/campingmalibubeach.com\/de\/kontakt\/\"]}]},{\"@type\":\"BreadcrumbList\",\"@id\":\"https:\/\/campingmalibubeach.com\/de\/kontakt\/#breadcrumb\",\"itemListElement\":[{\"@type\":\"ListItem\",\"position\":1,\"name\":\"Home\",\"item\":\"https:\/\/malibu.webcreationagency.it\/\"},{\"@type\":\"ListItem\",\"position\":2,\"name\":\"Kontakt\"}]},{\"@type\":\"WebSite\",\"@id\":\"https:\/\/campingmalibubeach.com\/de\/#website\",\"url\":\"https:\/\/campingmalibubeach.com\/de\/\",\"name\":\"Malibu Beach Camping Village Jesolo\",\"description\":\"Urban Art Oasis | Season 2026\",\"publisher\":{\"@id\":\"https:\/\/campingmalibubeach.com\/de\/#organization\"},\"potentialAction\":[{\"@type\":\"SearchAction\",\"target\":{\"@type\":\"EntryPoint\",\"urlTemplate\":\"https:\/\/campingmalibubeach.com\/de\/?s={search_term_string}\"},\"query-input\":{\"@type\":\"PropertyValueSpecification\",\"valueRequired\":true,\"valueName\":\"search_term_string\"}}],\"inLanguage\":\"de\"},{\"@type\":\"Organization\",\"@id\":\"https:\/\/campingmalibubeach.com\/de\/#organization\",\"name\":\"Malibu Beach Camping Village Jesolo\",\"url\":\"https:\/\/campingmalibubeach.com\/de\/\",\"logo\":{\"@type\":\"ImageObject\",\"inLanguage\":\"de\",\"@id\":\"https:\/\/campingmalibubeach.com\/de\/#\/schema\/logo\/image\/\",\"url\":\"https:\/\/campingmalibubeach.com\/wp-content\/uploads\/2025\/12\/Logo-Malibu.png\",\"contentUrl\":\"https:\/\/campingmalibubeach.com\/wp-content\/uploads\/2025\/12\/Logo-Malibu.png\",\"width\":559,\"height\":100,\"caption\":\"Malibu Beach Camping Village Jesolo\"},\"image\":{\"@id\":\"https:\/\/campingmalibubeach.com\/de\/#\/schema\/logo\/image\/\"},\"sameAs\":[\"https:\/\/www.facebook.com\/CampingMalibuBeach\",\"https:\/\/www.instagram.com\/campingmalibubeachvillage\/\",\"https:\/\/www.youtube.com\/@malibubeachvillage\",\"https:\/\/www.tripadvisor.it\/Hotel_Review-g580246-d2306154-Reviews-Camping_Village_Malibu_Beach-Jesolo_Veneto.htm\"]}]}<\/script>\n<!-- \/ Yoast SEO plugin. -->","yoast_head_json":{"title":"Kontakt - Malibu Beach Camping Village Jesolo","robots":{"index":"index","follow":"follow","max-snippet":"max-snippet:-1","max-image-preview":"max-image-preview:large","max-video-preview":"max-video-preview:-1"},"canonical":"https:\/\/campingmalibubeach.com\/de\/kontakt\/","og_locale":"de_DE","og_type":"article","og_title":"Kontakt - Malibu Beach Camping Village Jesolo","og_description":"MALIBU BEACH VILLAGE Reservierungsb\u00fcro Kontaktieren Sie unser Reservierungsb\u00fcro, indem Sie das Formular ausf\u00fcllen&hellip;","og_url":"https:\/\/campingmalibubeach.com\/de\/kontakt\/","og_site_name":"Malibu Beach Camping Village Jesolo","article_publisher":"https:\/\/www.facebook.com\/CampingMalibuBeach","article_modified_time":"2026-02-23T11:45:38+00:00","twitter_card":"summary_large_image","twitter_misc":{"Gesch\u00e4tzte Lesezeit":"1\u00a0Minute"},"schema":{"@context":"https:\/\/schema.org","@graph":[{"@type":"WebPage","@id":"https:\/\/campingmalibubeach.com\/de\/kontakt\/","url":"https:\/\/campingmalibubeach.com\/de\/kontakt\/","name":"Kontakt - Malibu Beach Camping Village Jesolo","isPartOf":{"@id":"https:\/\/campingmalibubeach.com\/de\/#website"},"datePublished":"2026-01-20T23:04:36+00:00","dateModified":"2026-02-23T11:45:38+00:00","breadcrumb":{"@id":"https:\/\/campingmalibubeach.com\/de\/kontakt\/#breadcrumb"},"inLanguage":"de","potentialAction":[{"@type":"ReadAction","target":["https:\/\/campingmalibubeach.com\/de\/kontakt\/"]}]},{"@type":"BreadcrumbList","@id":"https:\/\/campingmalibubeach.com\/de\/kontakt\/#breadcrumb","itemListElement":[{"@type":"ListItem","position":1,"name":"Home","item":"https:\/\/malibu.webcreationagency.it\/"},{"@type":"ListItem","position":2,"name":"Kontakt"}]},{"@type":"WebSite","@id":"https:\/\/campingmalibubeach.com\/de\/#website","url":"https:\/\/campingmalibubeach.com\/de\/","name":"Malibu Beach Camping Village Jesolo","description":"Urban Art Oasis | Season 2026","publisher":{"@id":"https:\/\/campingmalibubeach.com\/de\/#organization"},"potentialAction":[{"@type":"SearchAction","target":{"@type":"EntryPoint","urlTemplate":"https:\/\/campingmalibubeach.com\/de\/?s={search_term_string}"},"query-input":{"@type":"PropertyValueSpecification","valueRequired":true,"valueName":"search_term_string"}}],"inLanguage":"de"},{"@type":"Organization","@id":"https:\/\/campingmalibubeach.com\/de\/#organization","name":"Malibu Beach Camping Village Jesolo","url":"https:\/\/campingmalibubeach.com\/de\/","logo":{"@type":"ImageObject","inLanguage":"de","@id":"https:\/\/campingmalibubeach.com\/de\/#\/schema\/logo\/image\/","url":"https:\/\/campingmalibubeach.com\/wp-content\/uploads\/2025\/12\/Logo-Malibu.png","contentUrl":"https:\/\/campingmalibubeach.com\/wp-content\/uploads\/2025\/12\/Logo-Malibu.png","width":559,"height":100,"caption":"Malibu Beach Camping Village Jesolo"},"image":{"@id":"https:\/\/campingmalibubeach.com\/de\/#\/schema\/logo\/image\/"},"sameAs":["https:\/\/www.facebook.com\/CampingMalibuBeach","https:\/\/www.instagram.com\/campingmalibubeachvillage\/","https:\/\/www.youtube.com\/@malibubeachvillage","https:\/\/www.tripadvisor.it\/Hotel_Review-g580246-d2306154-Reviews-Camping_Village_Malibu_Beach-Jesolo_Veneto.htm"]}]}},"_links":{"self":[{"href":"https:\/\/campingmalibubeach.com\/de\/wp-json\/wp\/v2\/pages\/11099","targetHints":{"allow":["GET"]}}],"collection":[{"href":"https:\/\/campingmalibubeach.com\/de\/wp-json\/wp\/v2\/pages"}],"about":[{"href":"https:\/\/campingmalibubeach.com\/de\/wp-json\/wp\/v2\/types\/page"}],"author":[{"embeddable":true,"href":"https:\/\/campingmalibubeach.com\/de\/wp-json\/wp\/v2\/users\/1"}],"replies":[{"embeddable":true,"href":"https:\/\/campingmalibubeach.com\/de\/wp-json\/wp\/v2\/comments?post=11099"}],"version-history":[{"count":7,"href":"https:\/\/campingmalibubeach.com\/de\/wp-json\/wp\/v2\/pages\/11099\/revisions"}],"predecessor-version":[{"id":12895,"href":"https:\/\/campingmalibubeach.com\/de\/wp-json\/wp\/v2\/pages\/11099\/revisions\/12895"}],"wp:attachment":[{"href":"https:\/\/campingmalibubeach.com\/de\/wp-json\/wp\/v2\/media?parent=11099"}],"curies":[{"name":"wp","href":"https:\/\/api.w.org\/{rel}","templated":true}]}}