{"id":11185,"date":"2026-01-16T09:48:40","date_gmt":"2026-01-16T08:48:40","guid":{"rendered":"https:\/\/malibu.webcreationagency.it\/art-oasis\/kunstgymnasium-marco-polo-venedig\/"},"modified":"2026-02-17T19:50:07","modified_gmt":"2026-02-17T18:50:07","slug":"kunstgymnasium-marco-polo-venedig","status":"publish","type":"page","link":"https:\/\/campingmalibubeach.com\/de\/art-oasis\/kunstgymnasium-marco-polo-venedig\/","title":{"rendered":"Kunstgymnasium \/ Marco Polo Venedig"},"content":{"rendered":"\t\t<div data-elementor-type=\"wp-page\" data-elementor-id=\"11185\" class=\"elementor elementor-11185 elementor-6287\">\n\t\t\t\t<div class=\"elementor-element elementor-element-55418b1b e-grid e-con-full sc_layouts_column_icons_position_left e-con e-parent\" data-id=\"55418b1b\" data-element_type=\"container\" data-e-type=\"container\">\n\t\t\t\t<div data-animation-type=\"block\" class=\"elementor-element elementor-element-4305864b animation_type_block sc_fly_static elementor-invisible elementor-widget elementor-widget-image\" data-id=\"4305864b\" data-element_type=\"widget\" data-e-type=\"widget\" data-settings=\"{&quot;_animation&quot;:&quot;ta_fadeinup&quot;}\" data-widget_type=\"image.default\">\n\t\t\t\t<div class=\"elementor-widget-container\">\n\t\t\t\t\t\t\t\t\t\t\t\t\t\t\t<img fetchpriority=\"high\" decoding=\"async\" width=\"1500\" height=\"1875\" src=\"https:\/\/campingmalibubeach.com\/wp-content\/uploads\/2026\/01\/scuola.jpg\" class=\"attachment-full size-full wp-image-11186\" alt=\"\" srcset=\"https:\/\/campingmalibubeach.com\/wp-content\/uploads\/2026\/01\/scuola.jpg 1500w, https:\/\/campingmalibubeach.com\/wp-content\/uploads\/2026\/01\/scuola-240x300.jpg 240w, https:\/\/campingmalibubeach.com\/wp-content\/uploads\/2026\/01\/scuola-819x1024.jpg 819w, https:\/\/campingmalibubeach.com\/wp-content\/uploads\/2026\/01\/scuola-768x960.jpg 768w, https:\/\/campingmalibubeach.com\/wp-content\/uploads\/2026\/01\/scuola-1229x1536.jpg 1229w, https:\/\/campingmalibubeach.com\/wp-content\/uploads\/2026\/01\/scuola-370x463.jpg 370w, https:\/\/campingmalibubeach.com\/wp-content\/uploads\/2026\/01\/scuola-924x1155.jpg 924w, https:\/\/campingmalibubeach.com\/wp-content\/uploads\/2026\/01\/scuola-410x513.jpg 410w\" sizes=\"(max-width: 1500px) 100vw, 1500px\" \/>\t\t\t\t\t\t\t\t\t\t\t\t\t\t\t<\/div>\n\t\t\t\t<\/div>\n\t\t<div class=\"elementor-element elementor-element-55658690 e-flex e-con-boxed sc_layouts_column_icons_position_left e-con e-child\" data-id=\"55658690\" data-element_type=\"container\" data-e-type=\"container\">\n\t\t\t\t\t<div class=\"e-con-inner\">\n\t\t<div data-animation-type=\"block\" class=\"elementor-element elementor-element-4b7b6107 e-con-full e-flex sc_layouts_column_icons_position_left animation_type_block elementor-invisible e-con e-child\" data-id=\"4b7b6107\" data-element_type=\"container\" data-e-type=\"container\" data-settings=\"{&quot;animation&quot;:&quot;ta_fadeinup&quot;,&quot;animation_delay&quot;:200}\">\n\t\t\t\t<div class=\"elementor-element elementor-element-48ec7d1e sc_fly_static elementor-widget elementor-widget-heading\" data-id=\"48ec7d1e\" data-element_type=\"widget\" data-e-type=\"widget\" data-widget_type=\"heading.default\">\n\t\t\t\t<div class=\"elementor-widget-container\">\n\t\t\t\t\t<h6 class=\"elementor-heading-title elementor-size-default\">URBAN ART OASIS<\/h6>\t\t\t\t<\/div>\n\t\t\t\t<\/div>\n\t\t\t\t<div class=\"elementor-element elementor-element-4cdc7fc3 sc_fly_static elementor-widget elementor-widget-heading\" data-id=\"4cdc7fc3\" data-element_type=\"widget\" data-e-type=\"widget\" data-widget_type=\"heading.default\">\n\t\t\t\t<div class=\"elementor-widget-container\">\n\t\t\t\t\t<h1 class=\"elementor-heading-title elementor-size-default\"><a href=\"https:\/\/www.instagram.com\/made_514\/\" target=\"_blank\">Kunstgymnasium \/ Marco Polo Venedig<\/a><\/h1>\t\t\t\t<\/div>\n\t\t\t\t<\/div>\n\t\t\t\t<div class=\"elementor-element elementor-element-54eb6cca sc_fly_static elementor-widget elementor-widget-text-editor\" data-id=\"54eb6cca\" data-element_type=\"widget\" data-e-type=\"widget\" data-widget_type=\"text-editor.default\">\n\t\t\t\t<div class=\"elementor-widget-container\">\n\t\t\t\t\t\t\t\t\t<p>Der Bildungsweg des Kunstgymnasiums ist auf das Studium \u00e4sthetischer Ph\u00e4nomene und die k\u00fcnstlerische Praxis ausgerichtet. Er f\u00f6rdert den Erwerb spezifischer Methoden der k\u00fcnstlerischen Forschung und Produktion sowie die Beherrschung der entsprechenden Ausdrucksformen und Techniken. <\/p><p>Er vermittelt den Sch\u00fclern die notwendigen Instrumente, um das k\u00fcnstlerische Erbe in seinem historischen und kulturellen Kontext kennenzulernen und dessen Pr\u00e4senz und Wert in der heutigen Gesellschaft voll zu erfassen. Er leitet die Sch\u00fcler dazu an, Kenntnisse und Fertigkeiten zu vertiefen und zu entwickeln sowie die notwendigen Kompetenzen zu erwerben, um der eigenen Kreativit\u00e4t und Entwurfsf\u00e4higkeit im Bereich der K\u00fcnste Ausdruck zu verleihen. <\/p>\t\t\t\t\t\t\t\t<\/div>\n\t\t\t\t<\/div>\n\t\t\t\t<\/div>\n\t\t\t\t\t<\/div>\n\t\t\t\t<\/div>\n\t\t\t\t<\/div>\n\t\t<div class=\"elementor-element elementor-element-504f46a7 e-grid e-con-boxed sc_layouts_column_icons_position_left e-con e-parent\" data-id=\"504f46a7\" data-element_type=\"container\" data-e-type=\"container\" data-settings=\"{&quot;background_background&quot;:&quot;classic&quot;}\">\n\t\t\t\t\t<div class=\"e-con-inner\">\n\t\t\t\t<div class=\"elementor-element elementor-element-777e63d7 sc_fly_static elementor-widget elementor-widget-heading\" data-id=\"777e63d7\" data-element_type=\"widget\" data-e-type=\"widget\" data-widget_type=\"heading.default\">\n\t\t\t\t<div class=\"elementor-widget-container\">\n\t\t\t\t\t<h2 class=\"elementor-heading-title elementor-size-default\">K\u00fcnstlerische Installationen<\/h2>\t\t\t\t<\/div>\n\t\t\t\t<\/div>\n\t\t\t\t\t<\/div>\n\t\t\t\t<\/div>\n\t\t<div class=\"elementor-element elementor-element-e945e47 e-flex e-con-boxed sc_layouts_column_icons_position_left e-con e-parent\" data-id=\"e945e47\" data-element_type=\"container\" data-e-type=\"container\" data-settings=\"{&quot;background_background&quot;:&quot;classic&quot;}\">\n\t\t\t\t\t<div class=\"e-con-inner\">\n\t\t<div class=\"elementor-element elementor-element-6d4ffca e-con-full e-flex sc_layouts_column_icons_position_left e-con e-child\" data-id=\"6d4ffca\" data-element_type=\"container\" data-e-type=\"container\">\n\t\t<div data-animation-type=\"block\" class=\"elementor-element elementor-element-37fdc3eb e-con-full e-flex sc_layouts_column_icons_position_left animation_type_block elementor-invisible e-con e-child\" data-id=\"37fdc3eb\" data-element_type=\"container\" data-e-type=\"container\" data-settings=\"{&quot;background_background&quot;:&quot;classic&quot;,&quot;animation&quot;:&quot;ta_fadeinup&quot;}\">\n\t\t\t\t<div class=\"elementor-element elementor-element-260dc164 with-elementor-animation-trx_hover_zoom with-hover-on-widget trx-addons-info-box-top sc_fly_static elementor-widget elementor-widget-trx_elm_info_box\" data-id=\"260dc164\" data-element_type=\"widget\" data-e-type=\"widget\" data-settings=\"{&quot;icon_position&quot;:&quot;top&quot;}\" data-widget_type=\"trx_elm_info_box.default\">\n\t\t\t\t<div class=\"elementor-widget-container\">\n\t\t\t\t\t\t\t<div class=\"trx-addons-info-box-container\"><div class=\"trx-addons-info-box\">\n\t\t\t\t\t\t\t\t\t<div class=\"trx-addons-info-box-icon-wrap trx-addons-info-box-icon-type-image\">\t\t<span class=\"trx-addons-info-box-icon trx-addons-icon\">\n\t\t\t<span class=\"trx-addons-info-box-icon-inner elementor-animation-trx_hover_zoom\">\n\t\t\t\t<img decoding=\"async\" width=\"1200\" height=\"800\" src=\"https:\/\/campingmalibubeach.com\/wp-content\/uploads\/2026\/01\/installazioni-artistiche.jpg\" class=\"attachment-full size-full wp-image-6290\" alt=\"\" srcset=\"https:\/\/campingmalibubeach.com\/wp-content\/uploads\/2026\/01\/installazioni-artistiche.jpg 1200w, https:\/\/campingmalibubeach.com\/wp-content\/uploads\/2026\/01\/installazioni-artistiche-300x200.jpg 300w, https:\/\/campingmalibubeach.com\/wp-content\/uploads\/2026\/01\/installazioni-artistiche-1024x683.jpg 1024w, https:\/\/campingmalibubeach.com\/wp-content\/uploads\/2026\/01\/installazioni-artistiche-768x512.jpg 768w, https:\/\/campingmalibubeach.com\/wp-content\/uploads\/2026\/01\/installazioni-artistiche-370x247.jpg 370w, https:\/\/campingmalibubeach.com\/wp-content\/uploads\/2026\/01\/installazioni-artistiche-924x616.jpg 924w, https:\/\/campingmalibubeach.com\/wp-content\/uploads\/2026\/01\/installazioni-artistiche-410x273.jpg 410w\" sizes=\"(max-width: 1200px) 100vw, 1200px\" \/>\t\t\t<\/span>\n\t\t<\/span>\n\t\t<\/div>\n\t\t\t\t\t\t\t\t<div class=\"trx-addons-info-box-content\">\n\t\t\t\t\t<div class=\"trx-addons-info-box-title-wrap\">\n\t\t\t\t\t\t\t\t\t\t\t<\/div>\n\n\t\t\t\t\t\n\t\t\t\t\t\t\t\t\t\t\t\t\t\t<\/div>\n\t\t\t<\/div>\n\t\t<\/div>\n\t\t\t\t\t\t<\/div>\n\t\t\t\t<\/div>\n\t\t\t\t<\/div>\n\t\t\t\t<\/div>\n\t\t<div class=\"elementor-element elementor-element-a9078c5 e-con-full e-flex sc_layouts_column_icons_position_left e-con e-child\" data-id=\"a9078c5\" data-element_type=\"container\" data-e-type=\"container\">\n\t\t<div data-animation-type=\"block\" class=\"elementor-element elementor-element-279882be e-con-full e-flex sc_layouts_column_icons_position_left animation_type_block elementor-invisible e-con e-child\" data-id=\"279882be\" data-element_type=\"container\" data-e-type=\"container\" data-settings=\"{&quot;background_background&quot;:&quot;classic&quot;,&quot;animation&quot;:&quot;ta_fadeinup&quot;,&quot;animation_delay&quot;:100}\">\n\t\t\t\t<div class=\"elementor-element elementor-element-d254241 sc_fly_static elementor-widget elementor-widget-text-editor\" data-id=\"d254241\" data-element_type=\"widget\" data-e-type=\"widget\" data-widget_type=\"text-editor.default\">\n\t\t\t\t<div class=\"elementor-widget-container\">\n\t\t\t\t\t\t\t\t\t<p>Die Zusammenarbeit mit dem <strong>Malibu Beach in Jesolo<\/strong> hat es den Sch\u00fclern erm\u00f6glicht, die k\u00fcnstlerische Ausdrucksweise in einem anderen Kontext anzuwenden.<\/p><p>Die Botschaft ist, dass Kunst stets einen Gedanken vermitteln kann und dass es nicht nur ein einziges Gef\u00e4\u00df gibt, in dem k\u00fcnstlerische Ausdrucksformen pr\u00e4sentiert werden m\u00fcssen. <strong>Die Sch\u00fcler begleiteten die Entwurfsphase, die Realisierung und die Gestaltung der vereinbarten Interventionen<\/strong> und entwickelten dabei einen interessanten Dialog mit dem Auftraggeber. Zudem stellt die Arbeit vor Ort eine Chance f\u00fcr Wachstum und Erkenntnisse dar, die den Bildungsweg bereichert. <\/p>\t\t\t\t\t\t\t\t<\/div>\n\t\t\t\t<\/div>\n\t\t\t\t<\/div>\n\t\t\t\t<\/div>\n\t\t\t\t\t<\/div>\n\t\t\t\t<\/div>\n\t\t<div class=\"elementor-element elementor-element-1a89bace e-con-full e-flex sc_layouts_column_icons_position_left e-con e-parent\" data-id=\"1a89bace\" data-element_type=\"container\" data-e-type=\"container\">\n\t\t<div class=\"elementor-element elementor-element-1a220b2b e-con-full e-flex sc_layouts_column_icons_position_left e-con e-child\" data-id=\"1a220b2b\" data-element_type=\"container\" data-e-type=\"container\" data-settings=\"{&quot;background_background&quot;:&quot;classic&quot;}\">\n\t\t<div class=\"elementor-element elementor-element-7ba63300 e-con-full e-flex sc_layouts_column_icons_position_left e-con e-child\" data-id=\"7ba63300\" data-element_type=\"container\" data-e-type=\"container\">\n\t\t<div class=\"elementor-element elementor-element-60120f79 e-con-full e-flex sc_layouts_column_icons_position_left e-con e-child\" data-id=\"60120f79\" data-element_type=\"container\" data-e-type=\"container\">\n\t\t\t\t<div data-animation-type=\"block\" class=\"elementor-element elementor-element-54b31c52 elementor-widget__width-initial animation_type_block sc_fly_static elementor-invisible elementor-widget elementor-widget-heading\" data-id=\"54b31c52\" data-element_type=\"widget\" data-e-type=\"widget\" data-settings=\"{&quot;_animation&quot;:&quot;ta_fadeinup&quot;}\" data-widget_type=\"heading.default\">\n\t\t\t\t<div class=\"elementor-widget-container\">\n\t\t\t\t\t<h2 class=\"elementor-heading-title elementor-size-default\">Sind Sie ein junger K\u00fcnstler und m\u00f6chten Ihre Kunstwerke im Malibu Beach Village ausstellen?<\/h2>\t\t\t\t<\/div>\n\t\t\t\t<\/div>\n\t\t\t\t<\/div>\n\t\t<div class=\"elementor-element elementor-element-7b8beeef e-con-full e-flex sc_layouts_column_icons_position_left e-con e-child\" data-id=\"7b8beeef\" data-element_type=\"container\" data-e-type=\"container\">\n\t\t\t\t<div data-animation-type=\"block\" class=\"elementor-element elementor-element-56d54a24 animation_type_block sc_fly_static elementor-invisible elementor-widget elementor-widget-button\" data-id=\"56d54a24\" data-element_type=\"widget\" data-e-type=\"widget\" data-settings=\"{&quot;_animation&quot;:&quot;ta_fadeinup&quot;,&quot;_animation_delay&quot;:100}\" data-widget_type=\"button.default\">\n\t\t\t\t<div class=\"elementor-widget-container\">\n\t\t\t\t\t\t\t\t\t<div class=\"elementor-button-wrapper\">\n\t\t\t\t\t<a class=\"elementor-button elementor-button-link elementor-size-sm\" href=\"\/de\/art-oasis\/kuenstlerregistrierung\/\">\n\t\t\t\t\t\t<span class=\"elementor-button-content-wrapper\">\n\t\t\t\t\t\t\t\t\t<span class=\"elementor-button-text\">REGISTRIERUNG<\/span>\n\t\t\t\t\t<\/span>\n\t\t\t\t\t<\/a>\n\t\t\t\t<\/div>\n\t\t\t\t\t\t\t\t<\/div>\n\t\t\t\t<\/div>\n\t\t\t\t<\/div>\n\t\t\t\t<\/div>\n\t\t\t\t<\/div>\n\t\t\t\t<\/div>\n\t\t\t\t<\/div>\n\t\t","protected":false},"excerpt":{"rendered":"<p>URBAN ART OASIS Kunstgymnasium \/ Marco Polo Venedig Der Bildungsweg des Kunstgymnasiums ist&hellip;<\/p>\n","protected":false},"author":1,"featured_media":0,"parent":11080,"menu_order":0,"comment_status":"closed","ping_status":"closed","template":"","meta":{"footnotes":""},"class_list":["post-11185","page","type-page","status-publish","hentry"],"yoast_head":"<!-- This site is optimized with the Yoast SEO plugin v27.3 - https:\/\/yoast.com\/product\/yoast-seo-wordpress\/ -->\n<title>Kunstgymnasium \/ Marco Polo Venedig - Malibu Beach Camping Village Jesolo<\/title>\n<meta name=\"robots\" content=\"index, follow, max-snippet:-1, max-image-preview:large, max-video-preview:-1\" \/>\n<link rel=\"canonical\" href=\"https:\/\/campingmalibubeach.com\/de\/art-oasis\/kunstgymnasium-marco-polo-venedig\/\" \/>\n<meta property=\"og:locale\" content=\"de_DE\" \/>\n<meta property=\"og:type\" content=\"article\" \/>\n<meta property=\"og:title\" content=\"Kunstgymnasium \/ Marco Polo Venedig - Malibu Beach Camping Village Jesolo\" \/>\n<meta property=\"og:description\" content=\"URBAN ART OASIS Kunstgymnasium \/ Marco Polo Venedig Der Bildungsweg des Kunstgymnasiums ist&hellip;\" \/>\n<meta property=\"og:url\" content=\"https:\/\/campingmalibubeach.com\/de\/art-oasis\/kunstgymnasium-marco-polo-venedig\/\" \/>\n<meta property=\"og:site_name\" content=\"Malibu Beach Camping Village Jesolo\" \/>\n<meta property=\"article:publisher\" content=\"https:\/\/www.facebook.com\/CampingMalibuBeach\" \/>\n<meta property=\"article:modified_time\" content=\"2026-02-17T18:50:07+00:00\" \/>\n<meta property=\"og:image\" content=\"https:\/\/campingmalibubeach.com\/wp-content\/uploads\/2026\/01\/scuola.jpg\" \/>\n\t<meta property=\"og:image:width\" content=\"1500\" \/>\n\t<meta property=\"og:image:height\" content=\"1875\" \/>\n\t<meta property=\"og:image:type\" content=\"image\/jpeg\" \/>\n<meta name=\"twitter:card\" content=\"summary_large_image\" \/>\n<meta name=\"twitter:label1\" content=\"Gesch\u00e4tzte Lesezeit\" \/>\n\t<meta name=\"twitter:data1\" content=\"2\u00a0Minuten\" \/>\n<script type=\"application\/ld+json\" class=\"yoast-schema-graph\">{\"@context\":\"https:\\\/\\\/schema.org\",\"@graph\":[{\"@type\":\"WebPage\",\"@id\":\"https:\\\/\\\/campingmalibubeach.com\\\/de\\\/art-oasis\\\/kunstgymnasium-marco-polo-venedig\\\/\",\"url\":\"https:\\\/\\\/campingmalibubeach.com\\\/de\\\/art-oasis\\\/kunstgymnasium-marco-polo-venedig\\\/\",\"name\":\"Kunstgymnasium \\\/ Marco Polo Venedig - Malibu Beach Camping Village Jesolo\",\"isPartOf\":{\"@id\":\"https:\\\/\\\/campingmalibubeach.com\\\/de\\\/#website\"},\"primaryImageOfPage\":{\"@id\":\"https:\\\/\\\/campingmalibubeach.com\\\/de\\\/art-oasis\\\/kunstgymnasium-marco-polo-venedig\\\/#primaryimage\"},\"image\":{\"@id\":\"https:\\\/\\\/campingmalibubeach.com\\\/de\\\/art-oasis\\\/kunstgymnasium-marco-polo-venedig\\\/#primaryimage\"},\"thumbnailUrl\":\"https:\\\/\\\/campingmalibubeach.com\\\/wp-content\\\/uploads\\\/2026\\\/01\\\/scuola.jpg\",\"datePublished\":\"2026-01-16T08:48:40+00:00\",\"dateModified\":\"2026-02-17T18:50:07+00:00\",\"breadcrumb\":{\"@id\":\"https:\\\/\\\/campingmalibubeach.com\\\/de\\\/art-oasis\\\/kunstgymnasium-marco-polo-venedig\\\/#breadcrumb\"},\"inLanguage\":\"de\",\"potentialAction\":[{\"@type\":\"ReadAction\",\"target\":[\"https:\\\/\\\/campingmalibubeach.com\\\/de\\\/art-oasis\\\/kunstgymnasium-marco-polo-venedig\\\/\"]}]},{\"@type\":\"ImageObject\",\"inLanguage\":\"de\",\"@id\":\"https:\\\/\\\/campingmalibubeach.com\\\/de\\\/art-oasis\\\/kunstgymnasium-marco-polo-venedig\\\/#primaryimage\",\"url\":\"https:\\\/\\\/campingmalibubeach.com\\\/wp-content\\\/uploads\\\/2026\\\/01\\\/scuola.jpg\",\"contentUrl\":\"https:\\\/\\\/campingmalibubeach.com\\\/wp-content\\\/uploads\\\/2026\\\/01\\\/scuola.jpg\"},{\"@type\":\"BreadcrumbList\",\"@id\":\"https:\\\/\\\/campingmalibubeach.com\\\/de\\\/art-oasis\\\/kunstgymnasium-marco-polo-venedig\\\/#breadcrumb\",\"itemListElement\":[{\"@type\":\"ListItem\",\"position\":1,\"name\":\"Home\",\"item\":\"https:\\\/\\\/campingmalibubeach.com\\\/de\\\/\"},{\"@type\":\"ListItem\",\"position\":2,\"name\":\"Art Oasis\",\"item\":\"https:\\\/\\\/campingmalibubeach.com\\\/de\\\/art-oasis\\\/\"},{\"@type\":\"ListItem\",\"position\":3,\"name\":\"Kunstgymnasium \\\/ Marco Polo Venedig\"}]},{\"@type\":\"WebSite\",\"@id\":\"https:\\\/\\\/campingmalibubeach.com\\\/de\\\/#website\",\"url\":\"https:\\\/\\\/campingmalibubeach.com\\\/de\\\/\",\"name\":\"Malibu Beach Camping Village Jesolo\",\"description\":\"Urban Art Oasis | Season 2026\",\"publisher\":{\"@id\":\"https:\\\/\\\/campingmalibubeach.com\\\/de\\\/#organization\"},\"potentialAction\":[{\"@type\":\"SearchAction\",\"target\":{\"@type\":\"EntryPoint\",\"urlTemplate\":\"https:\\\/\\\/campingmalibubeach.com\\\/de\\\/?s={search_term_string}\"},\"query-input\":{\"@type\":\"PropertyValueSpecification\",\"valueRequired\":true,\"valueName\":\"search_term_string\"}}],\"inLanguage\":\"de\"},{\"@type\":\"Organization\",\"@id\":\"https:\\\/\\\/campingmalibubeach.com\\\/de\\\/#organization\",\"name\":\"Malibu Beach Camping Village Jesolo\",\"url\":\"https:\\\/\\\/campingmalibubeach.com\\\/de\\\/\",\"logo\":{\"@type\":\"ImageObject\",\"inLanguage\":\"de\",\"@id\":\"https:\\\/\\\/campingmalibubeach.com\\\/de\\\/#\\\/schema\\\/logo\\\/image\\\/\",\"url\":\"https:\\\/\\\/campingmalibubeach.com\\\/wp-content\\\/uploads\\\/2025\\\/12\\\/Logo-Malibu.png\",\"contentUrl\":\"https:\\\/\\\/campingmalibubeach.com\\\/wp-content\\\/uploads\\\/2025\\\/12\\\/Logo-Malibu.png\",\"width\":559,\"height\":100,\"caption\":\"Malibu Beach Camping Village Jesolo\"},\"image\":{\"@id\":\"https:\\\/\\\/campingmalibubeach.com\\\/de\\\/#\\\/schema\\\/logo\\\/image\\\/\"},\"sameAs\":[\"https:\\\/\\\/www.facebook.com\\\/CampingMalibuBeach\",\"https:\\\/\\\/www.instagram.com\\\/campingmalibubeachvillage\\\/\",\"https:\\\/\\\/www.youtube.com\\\/@malibubeachvillage\",\"https:\\\/\\\/www.tripadvisor.it\\\/Hotel_Review-g580246-d2306154-Reviews-Camping_Village_Malibu_Beach-Jesolo_Veneto.htm\"]}]}<\/script>\n<!-- \/ Yoast SEO plugin. -->","yoast_head_json":{"title":"Kunstgymnasium \/ Marco Polo Venedig - Malibu Beach Camping Village Jesolo","robots":{"index":"index","follow":"follow","max-snippet":"max-snippet:-1","max-image-preview":"max-image-preview:large","max-video-preview":"max-video-preview:-1"},"canonical":"https:\/\/campingmalibubeach.com\/de\/art-oasis\/kunstgymnasium-marco-polo-venedig\/","og_locale":"de_DE","og_type":"article","og_title":"Kunstgymnasium \/ Marco Polo Venedig - Malibu Beach Camping Village Jesolo","og_description":"URBAN ART OASIS Kunstgymnasium \/ Marco Polo Venedig Der Bildungsweg des Kunstgymnasiums ist&hellip;","og_url":"https:\/\/campingmalibubeach.com\/de\/art-oasis\/kunstgymnasium-marco-polo-venedig\/","og_site_name":"Malibu Beach Camping Village Jesolo","article_publisher":"https:\/\/www.facebook.com\/CampingMalibuBeach","article_modified_time":"2026-02-17T18:50:07+00:00","og_image":[{"width":1500,"height":1875,"url":"https:\/\/campingmalibubeach.com\/wp-content\/uploads\/2026\/01\/scuola.jpg","type":"image\/jpeg"}],"twitter_card":"summary_large_image","twitter_misc":{"Gesch\u00e4tzte Lesezeit":"2\u00a0Minuten"},"schema":{"@context":"https:\/\/schema.org","@graph":[{"@type":"WebPage","@id":"https:\/\/campingmalibubeach.com\/de\/art-oasis\/kunstgymnasium-marco-polo-venedig\/","url":"https:\/\/campingmalibubeach.com\/de\/art-oasis\/kunstgymnasium-marco-polo-venedig\/","name":"Kunstgymnasium \/ Marco Polo Venedig - Malibu Beach Camping Village Jesolo","isPartOf":{"@id":"https:\/\/campingmalibubeach.com\/de\/#website"},"primaryImageOfPage":{"@id":"https:\/\/campingmalibubeach.com\/de\/art-oasis\/kunstgymnasium-marco-polo-venedig\/#primaryimage"},"image":{"@id":"https:\/\/campingmalibubeach.com\/de\/art-oasis\/kunstgymnasium-marco-polo-venedig\/#primaryimage"},"thumbnailUrl":"https:\/\/campingmalibubeach.com\/wp-content\/uploads\/2026\/01\/scuola.jpg","datePublished":"2026-01-16T08:48:40+00:00","dateModified":"2026-02-17T18:50:07+00:00","breadcrumb":{"@id":"https:\/\/campingmalibubeach.com\/de\/art-oasis\/kunstgymnasium-marco-polo-venedig\/#breadcrumb"},"inLanguage":"de","potentialAction":[{"@type":"ReadAction","target":["https:\/\/campingmalibubeach.com\/de\/art-oasis\/kunstgymnasium-marco-polo-venedig\/"]}]},{"@type":"ImageObject","inLanguage":"de","@id":"https:\/\/campingmalibubeach.com\/de\/art-oasis\/kunstgymnasium-marco-polo-venedig\/#primaryimage","url":"https:\/\/campingmalibubeach.com\/wp-content\/uploads\/2026\/01\/scuola.jpg","contentUrl":"https:\/\/campingmalibubeach.com\/wp-content\/uploads\/2026\/01\/scuola.jpg"},{"@type":"BreadcrumbList","@id":"https:\/\/campingmalibubeach.com\/de\/art-oasis\/kunstgymnasium-marco-polo-venedig\/#breadcrumb","itemListElement":[{"@type":"ListItem","position":1,"name":"Home","item":"https:\/\/campingmalibubeach.com\/de\/"},{"@type":"ListItem","position":2,"name":"Art Oasis","item":"https:\/\/campingmalibubeach.com\/de\/art-oasis\/"},{"@type":"ListItem","position":3,"name":"Kunstgymnasium \/ Marco Polo Venedig"}]},{"@type":"WebSite","@id":"https:\/\/campingmalibubeach.com\/de\/#website","url":"https:\/\/campingmalibubeach.com\/de\/","name":"Malibu Beach Camping Village Jesolo","description":"Urban Art Oasis | Season 2026","publisher":{"@id":"https:\/\/campingmalibubeach.com\/de\/#organization"},"potentialAction":[{"@type":"SearchAction","target":{"@type":"EntryPoint","urlTemplate":"https:\/\/campingmalibubeach.com\/de\/?s={search_term_string}"},"query-input":{"@type":"PropertyValueSpecification","valueRequired":true,"valueName":"search_term_string"}}],"inLanguage":"de"},{"@type":"Organization","@id":"https:\/\/campingmalibubeach.com\/de\/#organization","name":"Malibu Beach Camping Village Jesolo","url":"https:\/\/campingmalibubeach.com\/de\/","logo":{"@type":"ImageObject","inLanguage":"de","@id":"https:\/\/campingmalibubeach.com\/de\/#\/schema\/logo\/image\/","url":"https:\/\/campingmalibubeach.com\/wp-content\/uploads\/2025\/12\/Logo-Malibu.png","contentUrl":"https:\/\/campingmalibubeach.com\/wp-content\/uploads\/2025\/12\/Logo-Malibu.png","width":559,"height":100,"caption":"Malibu Beach Camping Village Jesolo"},"image":{"@id":"https:\/\/campingmalibubeach.com\/de\/#\/schema\/logo\/image\/"},"sameAs":["https:\/\/www.facebook.com\/CampingMalibuBeach","https:\/\/www.instagram.com\/campingmalibubeachvillage\/","https:\/\/www.youtube.com\/@malibubeachvillage","https:\/\/www.tripadvisor.it\/Hotel_Review-g580246-d2306154-Reviews-Camping_Village_Malibu_Beach-Jesolo_Veneto.htm"]}]}},"_links":{"self":[{"href":"https:\/\/campingmalibubeach.com\/de\/wp-json\/wp\/v2\/pages\/11185","targetHints":{"allow":["GET"]}}],"collection":[{"href":"https:\/\/campingmalibubeach.com\/de\/wp-json\/wp\/v2\/pages"}],"about":[{"href":"https:\/\/campingmalibubeach.com\/de\/wp-json\/wp\/v2\/types\/page"}],"author":[{"embeddable":true,"href":"https:\/\/campingmalibubeach.com\/de\/wp-json\/wp\/v2\/users\/1"}],"replies":[{"embeddable":true,"href":"https:\/\/campingmalibubeach.com\/de\/wp-json\/wp\/v2\/comments?post=11185"}],"version-history":[{"count":4,"href":"https:\/\/campingmalibubeach.com\/de\/wp-json\/wp\/v2\/pages\/11185\/revisions"}],"predecessor-version":[{"id":12185,"href":"https:\/\/campingmalibubeach.com\/de\/wp-json\/wp\/v2\/pages\/11185\/revisions\/12185"}],"up":[{"embeddable":true,"href":"https:\/\/campingmalibubeach.com\/de\/wp-json\/wp\/v2\/pages\/11080"}],"wp:attachment":[{"href":"https:\/\/campingmalibubeach.com\/de\/wp-json\/wp\/v2\/media?parent=11185"}],"curies":[{"name":"wp","href":"https:\/\/api.w.org\/{rel}","templated":true}]}}