{"id":11188,"date":"2026-01-20T11:01:16","date_gmt":"2026-01-20T10:01:16","guid":{"rendered":"https:\/\/malibu.webcreationagency.it\/cookie-richtlinie\/"},"modified":"2026-02-16T16:42:27","modified_gmt":"2026-02-16T15:42:27","slug":"cookie-richtlinie","status":"publish","type":"page","link":"https:\/\/campingmalibubeach.com\/de\/cookie-richtlinie\/","title":{"rendered":"Cookie-Richtlinie"},"content":{"rendered":"\t\t<div data-elementor-type=\"wp-page\" data-elementor-id=\"11188\" class=\"elementor elementor-11188 elementor-7031\">\n\t\t\t\t<div class=\"elementor-element elementor-element-418fe055 e-flex e-con-boxed sc_layouts_column_icons_position_left e-con e-parent\" data-id=\"418fe055\" data-element_type=\"container\" data-e-type=\"container\">\n\t\t\t\t\t<div class=\"e-con-inner\">\n\t\t\t\t<div data-animation-type=\"block\" class=\"elementor-element elementor-element-7b98f5fa animation_type_block sc_fly_static elementor-invisible elementor-widget elementor-widget-heading\" data-id=\"7b98f5fa\" data-element_type=\"widget\" data-e-type=\"widget\" data-settings=\"{&quot;_animation&quot;:&quot;ta_fadeinup&quot;,&quot;_animation_delay&quot;:100}\" data-widget_type=\"heading.default\">\n\t\t\t\t<div class=\"elementor-widget-container\">\n\t\t\t\t\t<h1 class=\"elementor-heading-title elementor-size-default\">Cookie-Richtlinie<\/h1>\t\t\t\t<\/div>\n\t\t\t\t<\/div>\n\t\t\t\t<div class=\"elementor-element elementor-element-094e0b2 sc_fly_static elementor-widget elementor-widget-text-editor\" data-id=\"094e0b2\" data-element_type=\"widget\" data-e-type=\"widget\" data-widget_type=\"text-editor.default\">\n\t\t\t\t<div class=\"elementor-widget-container\">\n\t\t\t\t\t\t\t\t\t<p><strong>Verwendung von Cookies<\/strong><\/p><p>Die \u201eWebsite\u201c (campingmalibubeach.com) verwendet Cookies, um ihre Dienste f\u00fcr die Nutzer, die die Seiten von campingmalibubeach.com besuchen, einfach und effizient zu gestalten. Nutzer, die die Website besuchen, sehen eine minimale Menge an Informationen in den verwendeten Ger\u00e4ten, seien es Computer oder mobile Endger\u00e4te, in kleinen Textdateien namens \u201eCookies\u201c, die in den vom Webbrowser des Nutzers verwendeten Verzeichnissen gespeichert werden. Es gibt verschiedene Arten von Cookies, einige um die Nutzung der Website effektiver zu gestalten, andere um bestimmte Funktionen zu erm\u00f6glichen.  <\/p><p>Bei einer detaillierten Analyse erm\u00f6glichen unsere Cookies:<\/p><ul><li>das Speichern der eingegebenen Pr\u00e4ferenzen;<\/li><li>das mehrfache Eingeben derselben Informationen w\u00e4hrend des Besuchs zu vermeiden, wie zum Beispiel Benutzername und Passwort;<\/li><li>die Nutzung der von campingmalibubeach.com bereitgestellten Dienste und Inhalte zu analysieren, um das Surferlebnis und die angebotenen Dienste zu optimieren.<\/li><\/ul><p><strong>Cookie-Arten<\/strong><\/p><p><strong>Technische Cookies<\/strong><\/p><p>Diese Art von Cookies erm\u00f6glicht das ordnungsgem\u00e4\u00dfe Funktionieren bestimmter Abschnitte der Website. Sie werden in zwei Kategorien unterteilt: dauerhafte Cookies und Sitzungs-Cookies: <\/p><ul><li>dauerhafte Cookies: Nach dem Schlie\u00dfen des Browsers werden sie nicht gel\u00f6scht, sondern bleiben bis zu einem voreingestellten Ablaufdatum gespeichert<\/li><li>Sitzungs-Cookies: Sie werden jedes Mal gel\u00f6scht, wenn der Browser geschlossen wird<\/li><\/ul><p>Diese Cookies, die immer von unserer Domain gesendet werden, sind notwendig, um die Website korrekt anzuzeigen, und werden in Bezug auf die angebotenen technischen Dienste daher immer verwendet und gesendet, es sei denn, der Nutzer \u00e4ndert die Einstellungen in seinem Browser (was die Anzeige der Seiten der Website beeintr\u00e4chtigen kann).<\/p><p><strong>Analytische Cookies<\/strong><\/p><p>Cookies in dieser Kategorie werden verwendet, um Informationen \u00fcber die Nutzung der Website zu sammeln. Campingmalibubeach.com wird diese Informationen f\u00fcr anonyme statistische Analysen verwenden, um die Nutzung der Website zu verbessern und die Inhalte interessanter und relevanter f\u00fcr die W\u00fcnsche der Nutzer zu gestalten. Diese Art von Cookies sammelt in anonymer Form Daten \u00fcber die Aktivit\u00e4ten der Nutzer und dar\u00fcber, wie sie auf die Website gelangt sind. Analytische Cookies werden von der Website selbst oder von Domains Dritter gesendet.   <\/p><p><strong>Analyse-Cookies von Drittanbietern<\/strong><\/p><p>Diese Cookies werden verwendet, um anonyme Informationen \u00fcber die Nutzung der Website durch die Nutzer zu sammeln, wie z. B.: besuchte Seiten, Verweildauer, Herkunft des Datenverkehrs, geografische Herkunft, Alter, Geschlecht und Interessen f\u00fcr Marketingkampagnen. Diese Cookies werden von Domains Dritter au\u00dferhalb der Website gesendet. <\/p><p><strong>Cookies zur Integration von Produkten und Funktionen von Drittanbieter-Software<\/strong><\/p><p>Diese Art von Cookies integriert von Dritten entwickelte Funktionen in die Seiten der Website, wie z. B. Icons und in sozialen Netzwerken ge\u00e4u\u00dferte Pr\u00e4ferenzen, um Website-Inhalte zu teilen oder Software-Dienste von Drittanbietern zu nutzen (wie Software zur Erstellung von Karten und weitere Software, die zus\u00e4tzliche Dienste anbietet). Diese Cookies werden von Domains Dritter und von Partnerseiten gesendet, die ihre Funktionen auf den Seiten der Website anbieten. <\/p><p><strong>Profiling-Cookies<\/strong><\/p><p>Dies sind Cookies, die erforderlich sind, um Nutzerprofile zu erstellen, um Werbebotschaften entsprechend den vom Nutzer auf den Seiten der Website gezeigten Pr\u00e4ferenzen zu versenden.<\/p><p>Campingmalibubeach.com ist nach geltendem Recht nicht verpflichtet, die Zustimmung f\u00fcr technische und analytische Cookies einzuholen, da diese f\u00fcr die Erbringung der angeforderten Dienste erforderlich sind.<\/p><p>F\u00fcr alle anderen Arten von Cookies kann die Zustimmung vom Nutzer auf eine oder mehrere der folgenden Arten erteilt werden:<\/p><ul><li>Durch spezifische Konfigurationen des verwendeten Browsers oder der entsprechenden Computerprogramme, die zum Navigieren auf den Seiten der Website verwendet werden.<\/li><li>Durch \u00c4nderung der Einstellungen bei der Nutzung von Diensten Dritter<\/li><\/ul><p>Beide L\u00f6sungen k\u00f6nnten den Nutzer daran hindern, Teile der Website zu nutzen oder anzuzeigen.<\/p><p><strong>Websites und Dienste von Drittanbietern<\/strong><\/p><p>Die Website kann Links zu anderen Websites enthalten, die \u00fcber eine eigene Datenschutzerkl\u00e4rung verf\u00fcgen, die von der von campingmalibubeach.com abweichen kann. Campingmalibubeach.com ist daher nicht f\u00fcr diese Websites verantwortlich.<\/p><p>Cookie-Liste<\/p><table width=\"1140\"><thead><tr><td><strong>Cookie<\/strong><\/td><td><strong>Domain<\/strong><\/td><td colspan=\"2\"><strong>Ablauf<\/strong><\/td><td><strong>Drittanbieter-Cookie<\/strong><\/td><td><strong>Dauerhafter Cookie<\/strong><\/td><td><strong>Sitzungs-Cookie<\/strong><\/td><\/tr><\/thead><tbody><tr><td>_gid<\/td><td>.campingmalibubeach.com<\/td><td> <\/td><td> <\/td><td> <\/td><td> <\/td><td>Sitzungs-Cookie<\/td><\/tr><tr><td>PHPSESSID<\/td><td>www.campingmalibubeach.com<\/td><td> <\/td><td> <\/td><td> <\/td><td> <\/td><td>Sitzungs-Cookie<\/td><\/tr><\/tbody><\/table><p>Letzte Aktualisierung am 13.03.2018<\/p><p><strong>Informationen \u00fcber Cookies<\/strong><\/p><p>PHPSESSID<\/p><p>Der PHPSESSID-Cookie ist in Projekten, die in Linux-Umgebungen erstellt wurden, sehr verbreitet. Es handelt sich um einen technischen Cookie, in dem ein alphanumerischer Wert gespeichert wird, der die Sitzung des Nutzers identifiziert. Dieser Cookie wird nach dem Schlie\u00dfen des Browsers gel\u00f6scht und es werden darin keine pers\u00f6nlichen Informationen gespeichert.  <\/p><p><strong>So deaktivieren Sie Cookies \u00fcber die Browser-Konfiguration<\/strong><\/p><p>Wenn Sie mehr dar\u00fcber erfahren m\u00f6chten, wie Ihr Browser Cookies w\u00e4hrend Ihres Besuchs speichert, laden wir Sie ein, diesen Links auf den Websites der jeweiligen Anbieter zu folgen.<\/p><table width=\"100%\"><tbody><tr><td width=\"50%\"><a href=\"https:\/\/support.mozilla.org\/it\/kb\/Gestione%20dei%20cookie\">Mozilla Firefox<\/a><\/td><td width=\"50%\">https:\/\/support.mozilla.org\/it\/kb\/Gestione%20dei%20cookie<\/td><\/tr><tr><td width=\"50%\"><a href=\"https:\/\/support.google.com\/chrome\/answer\/95647?hl=it\">Google Chrome<\/a><\/td><td width=\"50%\">https:\/\/support.google.com\/chrome\/answer\/95647?hl=it<\/td><\/tr><tr><td width=\"50%\"><a href=\"http:\/\/windows.microsoft.com\/it-it\/windows-vista\/block-or-allow-cookies\">Internet Explorer<\/a><\/td><td width=\"50%\">http:\/\/windows.microsoft.com\/it-it\/windows-vista\/block-or-allow-cookies<\/td><\/tr><tr><td width=\"50%\"><a href=\"https:\/\/support.apple.com\/kb\/PH17191?viewlocale=it_IT&amp;locale=en_US\">Safari 6\/7 Mavericks<\/a><\/td><td width=\"50%\">https:\/\/support.apple.com\/kb\/PH17191?viewlocale=it_IT&amp;locale=it_IT<\/td><\/tr><tr><td width=\"50%\"><a href=\"https:\/\/support.apple.com\/kb\/PH19214?viewlocale=it_IT&amp;locale=en_US\">Safari 8 Yosemite<\/a><\/td><td width=\"50%\">https:\/\/support.apple.com\/kb\/PH19214?viewlocale=it_IT&amp;locale=it_IT<\/td><\/tr><tr><td width=\"50%\"><a href=\"https:\/\/support.apple.com\/it-it\/HT201265\">Safari auf iPhone, iPad oder iPod touch<\/a><\/td><td width=\"50%\">https:\/\/support.apple.com\/it-it\/HT201265<\/td><\/tr><\/tbody><\/table><p>Falls Ihr Browser nicht in dieser Liste aufgef\u00fchrt ist, k\u00f6nnen Sie weitere Informationen anfordern, indem Sie eine E-Mail an info@nibirumail.com senden. Wir werden Ihnen die notwendigen Informationen f\u00fcr ein anonymes und sicheres Surfen zur Verf\u00fcgung stellen. <\/p><p>Diese Seite wurde auf dem Portal nibirumail.com erstellt und wird dort gehostet \u2013 Der Inhalt dieser Seite wurde \u00fcber den Dienst <a href=\"https:\/\/www.nibirumail.com\/cookies\">Cookie Policy Generator<\/a> erstellt. Die Marke Nibirumail und die mit ihr verbundenen Unternehmen sind nicht f\u00fcr fehlerhafte oder nicht mehr aktuelle Informationen verantwortlich. Wenn Sie eine aktualisierte Version dieser Inhalte erhalten m\u00f6chten, kontaktieren Sie bitte den Eigent\u00fcmer von der vorherigen Seite.  <\/p>\t\t\t\t\t\t\t\t<\/div>\n\t\t\t\t<\/div>\n\t\t\t\t\t<\/div>\n\t\t\t\t<\/div>\n\t\t\t\t<\/div>\n\t\t","protected":false},"excerpt":{"rendered":"<p>Cookie-Richtlinie Verwendung von Cookies Die \u201eWebsite\u201c (campingmalibubeach.com) verwendet Cookies, um ihre Dienste f\u00fcr&hellip;<\/p>\n","protected":false},"author":1,"featured_media":0,"parent":0,"menu_order":0,"comment_status":"closed","ping_status":"closed","template":"","meta":{"footnotes":""},"class_list":["post-11188","page","type-page","status-publish","hentry"],"yoast_head":"<!-- This site is optimized with the Yoast SEO plugin v27.3 - https:\/\/yoast.com\/product\/yoast-seo-wordpress\/ -->\n<title>Cookie-Richtlinie - Malibu Beach Camping Village Jesolo<\/title>\n<meta name=\"robots\" content=\"index, follow, max-snippet:-1, max-image-preview:large, max-video-preview:-1\" \/>\n<link rel=\"canonical\" href=\"https:\/\/campingmalibubeach.com\/de\/cookie-richtlinie\/\" \/>\n<meta property=\"og:locale\" content=\"de_DE\" \/>\n<meta property=\"og:type\" content=\"article\" \/>\n<meta property=\"og:title\" content=\"Cookie-Richtlinie - Malibu Beach Camping Village Jesolo\" \/>\n<meta property=\"og:description\" content=\"Cookie-Richtlinie Verwendung von Cookies Die \u201eWebsite\u201c (campingmalibubeach.com) verwendet Cookies, um ihre Dienste f\u00fcr&hellip;\" \/>\n<meta property=\"og:url\" content=\"https:\/\/campingmalibubeach.com\/de\/cookie-richtlinie\/\" \/>\n<meta property=\"og:site_name\" content=\"Malibu Beach Camping Village Jesolo\" \/>\n<meta property=\"article:publisher\" content=\"https:\/\/www.facebook.com\/CampingMalibuBeach\" \/>\n<meta property=\"article:modified_time\" content=\"2026-02-16T15:42:27+00:00\" \/>\n<meta name=\"twitter:card\" content=\"summary_large_image\" \/>\n<meta name=\"twitter:label1\" content=\"Gesch\u00e4tzte Lesezeit\" \/>\n\t<meta name=\"twitter:data1\" content=\"4\u00a0Minuten\" \/>\n<script type=\"application\/ld+json\" class=\"yoast-schema-graph\">{\"@context\":\"https:\\\/\\\/schema.org\",\"@graph\":[{\"@type\":\"WebPage\",\"@id\":\"https:\\\/\\\/campingmalibubeach.com\\\/de\\\/cookie-richtlinie\\\/\",\"url\":\"https:\\\/\\\/campingmalibubeach.com\\\/de\\\/cookie-richtlinie\\\/\",\"name\":\"Cookie-Richtlinie - Malibu Beach Camping Village Jesolo\",\"isPartOf\":{\"@id\":\"https:\\\/\\\/campingmalibubeach.com\\\/de\\\/#website\"},\"datePublished\":\"2026-01-20T10:01:16+00:00\",\"dateModified\":\"2026-02-16T15:42:27+00:00\",\"breadcrumb\":{\"@id\":\"https:\\\/\\\/campingmalibubeach.com\\\/de\\\/cookie-richtlinie\\\/#breadcrumb\"},\"inLanguage\":\"de\",\"potentialAction\":[{\"@type\":\"ReadAction\",\"target\":[\"https:\\\/\\\/campingmalibubeach.com\\\/de\\\/cookie-richtlinie\\\/\"]}]},{\"@type\":\"BreadcrumbList\",\"@id\":\"https:\\\/\\\/campingmalibubeach.com\\\/de\\\/cookie-richtlinie\\\/#breadcrumb\",\"itemListElement\":[{\"@type\":\"ListItem\",\"position\":1,\"name\":\"Home\",\"item\":\"https:\\\/\\\/campingmalibubeach.com\\\/de\\\/\"},{\"@type\":\"ListItem\",\"position\":2,\"name\":\"Cookie-Richtlinie\"}]},{\"@type\":\"WebSite\",\"@id\":\"https:\\\/\\\/campingmalibubeach.com\\\/de\\\/#website\",\"url\":\"https:\\\/\\\/campingmalibubeach.com\\\/de\\\/\",\"name\":\"Malibu Beach Camping Village Jesolo\",\"description\":\"Urban Art Oasis | Season 2026\",\"publisher\":{\"@id\":\"https:\\\/\\\/campingmalibubeach.com\\\/de\\\/#organization\"},\"potentialAction\":[{\"@type\":\"SearchAction\",\"target\":{\"@type\":\"EntryPoint\",\"urlTemplate\":\"https:\\\/\\\/campingmalibubeach.com\\\/de\\\/?s={search_term_string}\"},\"query-input\":{\"@type\":\"PropertyValueSpecification\",\"valueRequired\":true,\"valueName\":\"search_term_string\"}}],\"inLanguage\":\"de\"},{\"@type\":\"Organization\",\"@id\":\"https:\\\/\\\/campingmalibubeach.com\\\/de\\\/#organization\",\"name\":\"Malibu Beach Camping Village Jesolo\",\"url\":\"https:\\\/\\\/campingmalibubeach.com\\\/de\\\/\",\"logo\":{\"@type\":\"ImageObject\",\"inLanguage\":\"de\",\"@id\":\"https:\\\/\\\/campingmalibubeach.com\\\/de\\\/#\\\/schema\\\/logo\\\/image\\\/\",\"url\":\"https:\\\/\\\/campingmalibubeach.com\\\/wp-content\\\/uploads\\\/2025\\\/12\\\/Logo-Malibu.png\",\"contentUrl\":\"https:\\\/\\\/campingmalibubeach.com\\\/wp-content\\\/uploads\\\/2025\\\/12\\\/Logo-Malibu.png\",\"width\":559,\"height\":100,\"caption\":\"Malibu Beach Camping Village Jesolo\"},\"image\":{\"@id\":\"https:\\\/\\\/campingmalibubeach.com\\\/de\\\/#\\\/schema\\\/logo\\\/image\\\/\"},\"sameAs\":[\"https:\\\/\\\/www.facebook.com\\\/CampingMalibuBeach\",\"https:\\\/\\\/www.instagram.com\\\/campingmalibubeachvillage\\\/\",\"https:\\\/\\\/www.youtube.com\\\/@malibubeachvillage\",\"https:\\\/\\\/www.tripadvisor.it\\\/Hotel_Review-g580246-d2306154-Reviews-Camping_Village_Malibu_Beach-Jesolo_Veneto.htm\"]}]}<\/script>\n<!-- \/ Yoast SEO plugin. -->","yoast_head_json":{"title":"Cookie-Richtlinie - Malibu Beach Camping Village Jesolo","robots":{"index":"index","follow":"follow","max-snippet":"max-snippet:-1","max-image-preview":"max-image-preview:large","max-video-preview":"max-video-preview:-1"},"canonical":"https:\/\/campingmalibubeach.com\/de\/cookie-richtlinie\/","og_locale":"de_DE","og_type":"article","og_title":"Cookie-Richtlinie - Malibu Beach Camping Village Jesolo","og_description":"Cookie-Richtlinie Verwendung von Cookies Die \u201eWebsite\u201c (campingmalibubeach.com) verwendet Cookies, um ihre Dienste f\u00fcr&hellip;","og_url":"https:\/\/campingmalibubeach.com\/de\/cookie-richtlinie\/","og_site_name":"Malibu Beach Camping Village Jesolo","article_publisher":"https:\/\/www.facebook.com\/CampingMalibuBeach","article_modified_time":"2026-02-16T15:42:27+00:00","twitter_card":"summary_large_image","twitter_misc":{"Gesch\u00e4tzte Lesezeit":"4\u00a0Minuten"},"schema":{"@context":"https:\/\/schema.org","@graph":[{"@type":"WebPage","@id":"https:\/\/campingmalibubeach.com\/de\/cookie-richtlinie\/","url":"https:\/\/campingmalibubeach.com\/de\/cookie-richtlinie\/","name":"Cookie-Richtlinie - Malibu Beach Camping Village Jesolo","isPartOf":{"@id":"https:\/\/campingmalibubeach.com\/de\/#website"},"datePublished":"2026-01-20T10:01:16+00:00","dateModified":"2026-02-16T15:42:27+00:00","breadcrumb":{"@id":"https:\/\/campingmalibubeach.com\/de\/cookie-richtlinie\/#breadcrumb"},"inLanguage":"de","potentialAction":[{"@type":"ReadAction","target":["https:\/\/campingmalibubeach.com\/de\/cookie-richtlinie\/"]}]},{"@type":"BreadcrumbList","@id":"https:\/\/campingmalibubeach.com\/de\/cookie-richtlinie\/#breadcrumb","itemListElement":[{"@type":"ListItem","position":1,"name":"Home","item":"https:\/\/campingmalibubeach.com\/de\/"},{"@type":"ListItem","position":2,"name":"Cookie-Richtlinie"}]},{"@type":"WebSite","@id":"https:\/\/campingmalibubeach.com\/de\/#website","url":"https:\/\/campingmalibubeach.com\/de\/","name":"Malibu Beach Camping Village Jesolo","description":"Urban Art Oasis | Season 2026","publisher":{"@id":"https:\/\/campingmalibubeach.com\/de\/#organization"},"potentialAction":[{"@type":"SearchAction","target":{"@type":"EntryPoint","urlTemplate":"https:\/\/campingmalibubeach.com\/de\/?s={search_term_string}"},"query-input":{"@type":"PropertyValueSpecification","valueRequired":true,"valueName":"search_term_string"}}],"inLanguage":"de"},{"@type":"Organization","@id":"https:\/\/campingmalibubeach.com\/de\/#organization","name":"Malibu Beach Camping Village Jesolo","url":"https:\/\/campingmalibubeach.com\/de\/","logo":{"@type":"ImageObject","inLanguage":"de","@id":"https:\/\/campingmalibubeach.com\/de\/#\/schema\/logo\/image\/","url":"https:\/\/campingmalibubeach.com\/wp-content\/uploads\/2025\/12\/Logo-Malibu.png","contentUrl":"https:\/\/campingmalibubeach.com\/wp-content\/uploads\/2025\/12\/Logo-Malibu.png","width":559,"height":100,"caption":"Malibu Beach Camping Village Jesolo"},"image":{"@id":"https:\/\/campingmalibubeach.com\/de\/#\/schema\/logo\/image\/"},"sameAs":["https:\/\/www.facebook.com\/CampingMalibuBeach","https:\/\/www.instagram.com\/campingmalibubeachvillage\/","https:\/\/www.youtube.com\/@malibubeachvillage","https:\/\/www.tripadvisor.it\/Hotel_Review-g580246-d2306154-Reviews-Camping_Village_Malibu_Beach-Jesolo_Veneto.htm"]}]}},"_links":{"self":[{"href":"https:\/\/campingmalibubeach.com\/de\/wp-json\/wp\/v2\/pages\/11188","targetHints":{"allow":["GET"]}}],"collection":[{"href":"https:\/\/campingmalibubeach.com\/de\/wp-json\/wp\/v2\/pages"}],"about":[{"href":"https:\/\/campingmalibubeach.com\/de\/wp-json\/wp\/v2\/types\/page"}],"author":[{"embeddable":true,"href":"https:\/\/campingmalibubeach.com\/de\/wp-json\/wp\/v2\/users\/1"}],"replies":[{"embeddable":true,"href":"https:\/\/campingmalibubeach.com\/de\/wp-json\/wp\/v2\/comments?post=11188"}],"version-history":[{"count":1,"href":"https:\/\/campingmalibubeach.com\/de\/wp-json\/wp\/v2\/pages\/11188\/revisions"}],"predecessor-version":[{"id":11189,"href":"https:\/\/campingmalibubeach.com\/de\/wp-json\/wp\/v2\/pages\/11188\/revisions\/11189"}],"wp:attachment":[{"href":"https:\/\/campingmalibubeach.com\/de\/wp-json\/wp\/v2\/media?parent=11188"}],"curies":[{"name":"wp","href":"https:\/\/api.w.org\/{rel}","templated":true}]}}