{"id":11197,"date":"2026-01-16T09:42:19","date_gmt":"2026-01-16T08:42:19","guid":{"rendered":"https:\/\/malibu.webcreationagency.it\/art-oasis\/boogie-aed-street-artist\/"},"modified":"2026-02-17T19:49:55","modified_gmt":"2026-02-17T18:49:55","slug":"boogie-aed-street-artist","status":"publish","type":"page","link":"https:\/\/campingmalibubeach.com\/de\/art-oasis\/boogie-aed-street-artist\/","title":{"rendered":"Boogie AED \/ Street Artist"},"content":{"rendered":"\t\t<div data-elementor-type=\"wp-page\" data-elementor-id=\"11197\" class=\"elementor elementor-11197 elementor-6274\">\n\t\t\t\t<div class=\"elementor-element elementor-element-36c97c0b e-grid e-con-full sc_layouts_column_icons_position_left e-con e-parent\" data-id=\"36c97c0b\" data-element_type=\"container\" data-e-type=\"container\">\n\t\t\t\t<div data-animation-type=\"block\" class=\"elementor-element elementor-element-6bfc635b animation_type_block sc_fly_static elementor-invisible elementor-widget elementor-widget-image\" data-id=\"6bfc635b\" data-element_type=\"widget\" data-e-type=\"widget\" data-settings=\"{&quot;_animation&quot;:&quot;ta_fadeinup&quot;}\" data-widget_type=\"image.default\">\n\t\t\t\t<div class=\"elementor-widget-container\">\n\t\t\t\t\t\t\t\t\t\t\t\t\t\t\t<img fetchpriority=\"high\" decoding=\"async\" width=\"1500\" height=\"1875\" src=\"https:\/\/campingmalibubeach.com\/wp-content\/uploads\/2026\/01\/Boogie-1.jpg\" class=\"attachment-full size-full wp-image-11198\" alt=\"\" srcset=\"https:\/\/campingmalibubeach.com\/wp-content\/uploads\/2026\/01\/Boogie-1.jpg 1500w, https:\/\/campingmalibubeach.com\/wp-content\/uploads\/2026\/01\/Boogie-1-240x300.jpg 240w, https:\/\/campingmalibubeach.com\/wp-content\/uploads\/2026\/01\/Boogie-1-819x1024.jpg 819w, https:\/\/campingmalibubeach.com\/wp-content\/uploads\/2026\/01\/Boogie-1-768x960.jpg 768w, https:\/\/campingmalibubeach.com\/wp-content\/uploads\/2026\/01\/Boogie-1-1229x1536.jpg 1229w, https:\/\/campingmalibubeach.com\/wp-content\/uploads\/2026\/01\/Boogie-1-370x463.jpg 370w, https:\/\/campingmalibubeach.com\/wp-content\/uploads\/2026\/01\/Boogie-1-924x1155.jpg 924w, https:\/\/campingmalibubeach.com\/wp-content\/uploads\/2026\/01\/Boogie-1-410x513.jpg 410w\" sizes=\"(max-width: 1500px) 100vw, 1500px\" \/>\t\t\t\t\t\t\t\t\t\t\t\t\t\t\t<\/div>\n\t\t\t\t<\/div>\n\t\t<div class=\"elementor-element elementor-element-680fa6c9 e-flex e-con-boxed sc_layouts_column_icons_position_left e-con e-child\" data-id=\"680fa6c9\" data-element_type=\"container\" data-e-type=\"container\">\n\t\t\t\t\t<div class=\"e-con-inner\">\n\t\t<div data-animation-type=\"block\" class=\"elementor-element elementor-element-3cadde2b e-con-full e-flex sc_layouts_column_icons_position_left animation_type_block elementor-invisible e-con e-child\" data-id=\"3cadde2b\" data-element_type=\"container\" data-e-type=\"container\" data-settings=\"{&quot;animation&quot;:&quot;ta_fadeinup&quot;,&quot;animation_delay&quot;:200}\">\n\t\t\t\t<div class=\"elementor-element elementor-element-55a0142 sc_fly_static elementor-widget elementor-widget-heading\" data-id=\"55a0142\" data-element_type=\"widget\" data-e-type=\"widget\" data-widget_type=\"heading.default\">\n\t\t\t\t<div class=\"elementor-widget-container\">\n\t\t\t\t\t<h6 class=\"elementor-heading-title elementor-size-default\">URBAN ART OASIS<\/h6>\t\t\t\t<\/div>\n\t\t\t\t<\/div>\n\t\t\t\t<div class=\"elementor-element elementor-element-4e55956d sc_fly_static elementor-widget elementor-widget-heading\" data-id=\"4e55956d\" data-element_type=\"widget\" data-e-type=\"widget\" data-widget_type=\"heading.default\">\n\t\t\t\t<div class=\"elementor-widget-container\">\n\t\t\t\t\t<h1 class=\"elementor-heading-title elementor-size-default\"><a href=\"https:\/\/www.instagram.com\/made_514\/\" target=\"_blank\">Boogie AED \/ Street Artist<\/a><\/h1>\t\t\t\t<\/div>\n\t\t\t\t<\/div>\n\t\t\t\t<div class=\"elementor-element elementor-element-34c64aaf elementor-shape-circle e-grid-align-left elementor-grid-0 sc_fly_static elementor-widget elementor-widget-social-icons\" data-id=\"34c64aaf\" data-element_type=\"widget\" data-e-type=\"widget\" data-widget_type=\"social-icons.default\">\n\t\t\t\t<div class=\"elementor-widget-container\">\n\t\t\t\t\t\t\t<div class=\"elementor-social-icons-wrapper elementor-grid\">\n\t\t\t\t\t\t\t<span class=\"elementor-grid-item\">\n\t\t\t\t\t<a class=\"elementor-icon elementor-social-icon elementor-social-icon-instagram elementor-repeater-item-cf537a0\" href=\"https:\/\/www.instagram.com\/boogie_ead\/\" target=\"_blank\">\n\t\t\t\t\t\t<span class=\"elementor-screen-only\">Instagram<\/span>\n\t\t\t\t\t\t<svg aria-hidden=\"true\" class=\"e-font-icon-svg e-fab-instagram\" viewBox=\"0 0 448 512\" xmlns=\"http:\/\/www.w3.org\/2000\/svg\"><path d=\"M224.1 141c-63.6 0-114.9 51.3-114.9 114.9s51.3 114.9 114.9 114.9S339 319.5 339 255.9 287.7 141 224.1 141zm0 189.6c-41.1 0-74.7-33.5-74.7-74.7s33.5-74.7 74.7-74.7 74.7 33.5 74.7 74.7-33.6 74.7-74.7 74.7zm146.4-194.3c0 14.9-12 26.8-26.8 26.8-14.9 0-26.8-12-26.8-26.8s12-26.8 26.8-26.8 26.8 12 26.8 26.8zm76.1 27.2c-1.7-35.9-9.9-67.7-36.2-93.9-26.2-26.2-58-34.4-93.9-36.2-37-2.1-147.9-2.1-184.9 0-35.8 1.7-67.6 9.9-93.9 36.1s-34.4 58-36.2 93.9c-2.1 37-2.1 147.9 0 184.9 1.7 35.9 9.9 67.7 36.2 93.9s58 34.4 93.9 36.2c37 2.1 147.9 2.1 184.9 0 35.9-1.7 67.7-9.9 93.9-36.2 26.2-26.2 34.4-58 36.2-93.9 2.1-37 2.1-147.8 0-184.8zM398.8 388c-7.8 19.6-22.9 34.7-42.6 42.6-29.5 11.7-99.5 9-132.1 9s-102.7 2.6-132.1-9c-19.6-7.8-34.7-22.9-42.6-42.6-11.7-29.5-9-99.5-9-132.1s-2.6-102.7 9-132.1c7.8-19.6 22.9-34.7 42.6-42.6 29.5-11.7 99.5-9 132.1-9s102.7-2.6 132.1 9c19.6 7.8 34.7 22.9 42.6 42.6 11.7 29.5 9 99.5 9 132.1s2.7 102.7-9 132.1z\"><\/path><\/svg>\t\t\t\t\t<\/a>\n\t\t\t\t<\/span>\n\t\t\t\t\t<\/div>\n\t\t\t\t\t\t<\/div>\n\t\t\t\t<\/div>\n\t\t\t\t<div class=\"elementor-element elementor-element-71533c2f sc_fly_static elementor-widget elementor-widget-text-editor\" data-id=\"71533c2f\" data-element_type=\"widget\" data-e-type=\"widget\" data-widget_type=\"text-editor.default\">\n\t\t\t\t<div class=\"elementor-widget-container\">\n\t\t\t\t\t\t\t\t\t<p>Geboren 1971 in Padua. Er begann 1989 mit dem Spr\u00fchen, obwohl er sich bereits seit den fr\u00fchen 80er Jahren f\u00fcr die New Yorker Hip-Hop-Kultur interessierte, fasziniert von Musikvideos und Zeitschriften, die die Kunst der Graffiti zeigten. In den 90er Jahren trat er der FCE in Bologna bei und beschloss sp\u00e4ter, gemeinsam mit Freunden, die seine Leidenschaft f\u00fcr diese Kultur teilten, die Paduaner Crew EAD (Esquela Antigua Disciples) zu gr\u00fcnden.<br>Sein Stil hat mehrere Entwicklungsstufen durchlaufen (Wild Style, Simple Style, Blockbuster, figurativ, Puppet und Character), wobei er die Verwendung von Farben auf verschiedene Weise experimentierte \u2013 von fl\u00e4chigen Farbfeldern bis hin zu Nuancen, die von dekorativen Spielen mit anderen Farben durchsetzt sind. Dabei schafft er 3D-Effekte oder dekorative grafische Elemente innerhalb der Buchstaben, wodurch diese stets erkennbar und im Mittelpunkt bleiben.<br>Das Studium der realen Dimension im Raum f\u00fchrte ihn dazu, sich an der Szenografie zu versuchen, mit der er bei der Arbeit f\u00fcr bedeutende Modemarken und Trendlokale in Italien und im Ausland in Ber\u00fchrung kam. 1998 erhielt er von Canon den Kreativit\u00e4tspreis auf der Smau in Mailand. Im Jahr 2000 entwarf er die B\u00fchnenbilder f\u00fcr die Konzerttournee von Casino Royale. Er nimmt an zahlreichen Ausstellungen teil, darunter die Gemeinschaftsausstellung \u201eUrbanizeme Exhibition\u201c (Padua, 2011), deren historischer Teil zum ersten Mal systematisch die Bedeutung von Padua, neben Bologna und Mailand, in der italienischen Street- und Urban-Art-Szene dokumentiert.     <\/p>\t\t\t\t\t\t\t\t<\/div>\n\t\t\t\t<\/div>\n\t\t\t\t<\/div>\n\t\t\t\t\t<\/div>\n\t\t\t\t<\/div>\n\t\t\t\t<\/div>\n\t\t<div class=\"elementor-element elementor-element-295d1aa e-grid e-con-boxed sc_layouts_column_icons_position_left e-con e-parent\" data-id=\"295d1aa\" data-element_type=\"container\" data-e-type=\"container\" data-settings=\"{&quot;background_background&quot;:&quot;classic&quot;}\">\n\t\t\t\t\t<div class=\"e-con-inner\">\n\t\t\t\t<div class=\"elementor-element elementor-element-256b60dc sc_fly_static elementor-widget elementor-widget-heading\" data-id=\"256b60dc\" data-element_type=\"widget\" data-e-type=\"widget\" data-widget_type=\"heading.default\">\n\t\t\t\t<div class=\"elementor-widget-container\">\n\t\t\t\t\t<h2 class=\"elementor-heading-title elementor-size-default\">Themenwechsel<\/h2>\t\t\t\t<\/div>\n\t\t\t\t<\/div>\n\t\t\t\t\t<\/div>\n\t\t\t\t<\/div>\n\t\t<div class=\"elementor-element elementor-element-9066a7b e-flex e-con-boxed sc_layouts_column_icons_position_left e-con e-parent\" data-id=\"9066a7b\" data-element_type=\"container\" data-e-type=\"container\" data-settings=\"{&quot;background_background&quot;:&quot;classic&quot;}\">\n\t\t\t\t\t<div class=\"e-con-inner\">\n\t\t<div class=\"elementor-element elementor-element-89da4a9 e-con-full e-flex sc_layouts_column_icons_position_left e-con e-child\" data-id=\"89da4a9\" data-element_type=\"container\" data-e-type=\"container\">\n\t\t<div data-animation-type=\"block\" class=\"elementor-element elementor-element-390bdcc8 e-con-full e-flex sc_layouts_column_icons_position_left animation_type_block elementor-invisible e-con e-child\" data-id=\"390bdcc8\" data-element_type=\"container\" data-e-type=\"container\" data-settings=\"{&quot;background_background&quot;:&quot;classic&quot;,&quot;animation&quot;:&quot;ta_fadeinup&quot;}\">\n\t\t\t\t<div class=\"elementor-element elementor-element-7d2a3d59 with-elementor-animation-trx_hover_zoom with-hover-on-widget trx-addons-info-box-top sc_fly_static elementor-widget elementor-widget-trx_elm_info_box\" data-id=\"7d2a3d59\" data-element_type=\"widget\" data-e-type=\"widget\" data-settings=\"{&quot;icon_position&quot;:&quot;top&quot;}\" data-widget_type=\"trx_elm_info_box.default\">\n\t\t\t\t<div class=\"elementor-widget-container\">\n\t\t\t\t\t\t\t<div class=\"trx-addons-info-box-container\"><div class=\"trx-addons-info-box\">\n\t\t\t\t\t\t\t\t\t<div class=\"trx-addons-info-box-icon-wrap trx-addons-info-box-icon-type-image\">\t\t<span class=\"trx-addons-info-box-icon trx-addons-icon\">\n\t\t\t<span class=\"trx-addons-info-box-icon-inner elementor-animation-trx_hover_zoom\">\n\t\t\t\t<img decoding=\"async\" width=\"768\" height=\"512\" src=\"https:\/\/campingmalibubeach.com\/wp-content\/uploads\/2026\/01\/Theme-Changes-1-768x512-1.jpg\" class=\"attachment-full size-full wp-image-6276\" alt=\"\" srcset=\"https:\/\/campingmalibubeach.com\/wp-content\/uploads\/2026\/01\/Theme-Changes-1-768x512-1.jpg 768w, https:\/\/campingmalibubeach.com\/wp-content\/uploads\/2026\/01\/Theme-Changes-1-768x512-1-300x200.jpg 300w, https:\/\/campingmalibubeach.com\/wp-content\/uploads\/2026\/01\/Theme-Changes-1-768x512-1-370x247.jpg 370w, https:\/\/campingmalibubeach.com\/wp-content\/uploads\/2026\/01\/Theme-Changes-1-768x512-1-410x273.jpg 410w\" sizes=\"(max-width: 768px) 100vw, 768px\" \/>\t\t\t<\/span>\n\t\t<\/span>\n\t\t<\/div>\n\t\t\t\t\t\t\t\t<div class=\"trx-addons-info-box-content\">\n\t\t\t\t\t<div class=\"trx-addons-info-box-title-wrap\">\n\t\t\t\t\t\t\t\t\t\t\t<\/div>\n\n\t\t\t\t\t\n\t\t\t\t\t\t\t\t\t\t\t\t\t\t<\/div>\n\t\t\t<\/div>\n\t\t<\/div>\n\t\t\t\t\t\t<\/div>\n\t\t\t\t<\/div>\n\t\t\t\t<\/div>\n\t\t\t\t<\/div>\n\t\t<div class=\"elementor-element elementor-element-7efd3ac e-con-full e-flex sc_layouts_column_icons_position_left e-con e-child\" data-id=\"7efd3ac\" data-element_type=\"container\" data-e-type=\"container\">\n\t\t<div data-animation-type=\"block\" class=\"elementor-element elementor-element-2bc72f64 e-con-full e-flex sc_layouts_column_icons_position_left animation_type_block elementor-invisible e-con e-child\" data-id=\"2bc72f64\" data-element_type=\"container\" data-e-type=\"container\" data-settings=\"{&quot;background_background&quot;:&quot;classic&quot;,&quot;animation&quot;:&quot;ta_fadeinup&quot;,&quot;animation_delay&quot;:100}\">\n\t\t\t\t<div class=\"elementor-element elementor-element-308166b sc_fly_static elementor-widget elementor-widget-text-editor\" data-id=\"308166b\" data-element_type=\"widget\" data-e-type=\"widget\" data-widget_type=\"text-editor.default\">\n\t\t\t\t<div class=\"elementor-widget-container\">\n\t\t\t\t\t\t\t\t\t<p><strong>Farbfilter, die Linien in Geometrien verwandeln.<\/strong><br>Transparenzpunkte und Nuancen erinnern an Muranoglas und die Lichter der Lagune.<br>All diese Konzepte zusammen erzeugen ein scheinbares visuelles Chaos, das die strengen Regeln der geometrischen Konstruktion verbirgt und Energie erzeugt, die durch den Blick sichtbar und im K\u00f6rper sp\u00fcrbar ist.<br>Und diese \u201eWand\u201c aus Farbe, \u201edie dem Blick so viel vom fernen Horizont verwehrt\u201c, wird zu einer Schwelle zu einem unbekannten und faszinierenden Anderswo, einem Meer aus Farben, in dem es s\u00fc\u00df ist, Schiffbruch zu erleiden.<\/p>\t\t\t\t\t\t\t\t<\/div>\n\t\t\t\t<\/div>\n\t\t\t\t<\/div>\n\t\t\t\t<\/div>\n\t\t\t\t\t<\/div>\n\t\t\t\t<\/div>\n\t\t<div class=\"elementor-element elementor-element-179375bd e-con-full e-flex sc_layouts_column_icons_position_left e-con e-parent\" data-id=\"179375bd\" data-element_type=\"container\" data-e-type=\"container\">\n\t\t<div class=\"elementor-element elementor-element-426896d3 e-con-full e-flex sc_layouts_column_icons_position_left e-con e-child\" data-id=\"426896d3\" data-element_type=\"container\" data-e-type=\"container\" data-settings=\"{&quot;background_background&quot;:&quot;classic&quot;}\">\n\t\t<div class=\"elementor-element elementor-element-5e16d332 e-con-full e-flex sc_layouts_column_icons_position_left e-con e-child\" data-id=\"5e16d332\" data-element_type=\"container\" data-e-type=\"container\">\n\t\t<div class=\"elementor-element elementor-element-23786c61 e-con-full e-flex sc_layouts_column_icons_position_left e-con e-child\" data-id=\"23786c61\" data-element_type=\"container\" data-e-type=\"container\">\n\t\t\t\t<div data-animation-type=\"block\" class=\"elementor-element elementor-element-41b3cd30 elementor-widget__width-initial animation_type_block sc_fly_static elementor-invisible elementor-widget elementor-widget-heading\" data-id=\"41b3cd30\" data-element_type=\"widget\" data-e-type=\"widget\" data-settings=\"{&quot;_animation&quot;:&quot;ta_fadeinup&quot;}\" data-widget_type=\"heading.default\">\n\t\t\t\t<div class=\"elementor-widget-container\">\n\t\t\t\t\t<h2 class=\"elementor-heading-title elementor-size-default\">Sind Sie ein junger K\u00fcnstler und m\u00f6chten Ihre Kunstwerke im Malibu Beach Village ausstellen?<\/h2>\t\t\t\t<\/div>\n\t\t\t\t<\/div>\n\t\t\t\t<\/div>\n\t\t<div class=\"elementor-element elementor-element-4f5d663b e-con-full e-flex sc_layouts_column_icons_position_left e-con e-child\" data-id=\"4f5d663b\" data-element_type=\"container\" data-e-type=\"container\">\n\t\t\t\t<div data-animation-type=\"block\" class=\"elementor-element elementor-element-1fc6e0fc animation_type_block sc_fly_static elementor-invisible elementor-widget elementor-widget-button\" data-id=\"1fc6e0fc\" data-element_type=\"widget\" data-e-type=\"widget\" data-settings=\"{&quot;_animation&quot;:&quot;ta_fadeinup&quot;,&quot;_animation_delay&quot;:100}\" data-widget_type=\"button.default\">\n\t\t\t\t<div class=\"elementor-widget-container\">\n\t\t\t\t\t\t\t\t\t<div class=\"elementor-button-wrapper\">\n\t\t\t\t\t<a class=\"elementor-button elementor-button-link elementor-size-sm\" href=\"\/de\/art-oasis\/kuenstlerregistrierung\/\">\n\t\t\t\t\t\t<span class=\"elementor-button-content-wrapper\">\n\t\t\t\t\t\t\t\t\t<span class=\"elementor-button-text\">REGISTRIERUNG<\/span>\n\t\t\t\t\t<\/span>\n\t\t\t\t\t<\/a>\n\t\t\t\t<\/div>\n\t\t\t\t\t\t\t\t<\/div>\n\t\t\t\t<\/div>\n\t\t\t\t<\/div>\n\t\t\t\t<\/div>\n\t\t\t\t<\/div>\n\t\t\t\t<\/div>\n\t\t\t\t<\/div>\n\t\t","protected":false},"excerpt":{"rendered":"<p>URBAN ART OASIS Boogie AED \/ Street Artist Instagram Geboren 1971 in Padua.&hellip;<\/p>\n","protected":false},"author":1,"featured_media":0,"parent":11080,"menu_order":0,"comment_status":"closed","ping_status":"closed","template":"","meta":{"footnotes":""},"class_list":["post-11197","page","type-page","status-publish","hentry"],"yoast_head":"<!-- This site is optimized with the Yoast SEO plugin v27.3 - https:\/\/yoast.com\/product\/yoast-seo-wordpress\/ -->\n<title>Boogie AED \/ Street Artist - Malibu Beach Camping Village Jesolo<\/title>\n<meta name=\"robots\" content=\"index, follow, max-snippet:-1, max-image-preview:large, max-video-preview:-1\" \/>\n<link rel=\"canonical\" href=\"https:\/\/campingmalibubeach.com\/de\/art-oasis\/boogie-aed-street-artist\/\" \/>\n<meta property=\"og:locale\" content=\"de_DE\" \/>\n<meta property=\"og:type\" content=\"article\" \/>\n<meta property=\"og:title\" content=\"Boogie AED \/ Street Artist - Malibu Beach Camping Village Jesolo\" \/>\n<meta property=\"og:description\" content=\"URBAN ART OASIS Boogie AED \/ Street Artist Instagram Geboren 1971 in Padua.&hellip;\" \/>\n<meta property=\"og:url\" content=\"https:\/\/campingmalibubeach.com\/de\/art-oasis\/boogie-aed-street-artist\/\" \/>\n<meta property=\"og:site_name\" content=\"Malibu Beach Camping Village Jesolo\" \/>\n<meta property=\"article:publisher\" content=\"https:\/\/www.facebook.com\/CampingMalibuBeach\" \/>\n<meta property=\"article:modified_time\" content=\"2026-02-17T18:49:55+00:00\" \/>\n<meta property=\"og:image\" content=\"https:\/\/campingmalibubeach.com\/wp-content\/uploads\/2026\/01\/Boogie-1.jpg\" \/>\n\t<meta property=\"og:image:width\" content=\"1500\" \/>\n\t<meta property=\"og:image:height\" content=\"1875\" \/>\n\t<meta property=\"og:image:type\" content=\"image\/jpeg\" \/>\n<meta name=\"twitter:card\" content=\"summary_large_image\" \/>\n<meta name=\"twitter:label1\" content=\"Gesch\u00e4tzte Lesezeit\" \/>\n\t<meta name=\"twitter:data1\" content=\"3\u00a0Minuten\" \/>\n<script type=\"application\/ld+json\" class=\"yoast-schema-graph\">{\"@context\":\"https:\\\/\\\/schema.org\",\"@graph\":[{\"@type\":\"WebPage\",\"@id\":\"https:\\\/\\\/campingmalibubeach.com\\\/de\\\/art-oasis\\\/boogie-aed-street-artist\\\/\",\"url\":\"https:\\\/\\\/campingmalibubeach.com\\\/de\\\/art-oasis\\\/boogie-aed-street-artist\\\/\",\"name\":\"Boogie AED \\\/ Street Artist - Malibu Beach Camping Village Jesolo\",\"isPartOf\":{\"@id\":\"https:\\\/\\\/campingmalibubeach.com\\\/de\\\/#website\"},\"primaryImageOfPage\":{\"@id\":\"https:\\\/\\\/campingmalibubeach.com\\\/de\\\/art-oasis\\\/boogie-aed-street-artist\\\/#primaryimage\"},\"image\":{\"@id\":\"https:\\\/\\\/campingmalibubeach.com\\\/de\\\/art-oasis\\\/boogie-aed-street-artist\\\/#primaryimage\"},\"thumbnailUrl\":\"https:\\\/\\\/campingmalibubeach.com\\\/wp-content\\\/uploads\\\/2026\\\/01\\\/Boogie-1.jpg\",\"datePublished\":\"2026-01-16T08:42:19+00:00\",\"dateModified\":\"2026-02-17T18:49:55+00:00\",\"breadcrumb\":{\"@id\":\"https:\\\/\\\/campingmalibubeach.com\\\/de\\\/art-oasis\\\/boogie-aed-street-artist\\\/#breadcrumb\"},\"inLanguage\":\"de\",\"potentialAction\":[{\"@type\":\"ReadAction\",\"target\":[\"https:\\\/\\\/campingmalibubeach.com\\\/de\\\/art-oasis\\\/boogie-aed-street-artist\\\/\"]}]},{\"@type\":\"ImageObject\",\"inLanguage\":\"de\",\"@id\":\"https:\\\/\\\/campingmalibubeach.com\\\/de\\\/art-oasis\\\/boogie-aed-street-artist\\\/#primaryimage\",\"url\":\"https:\\\/\\\/campingmalibubeach.com\\\/wp-content\\\/uploads\\\/2026\\\/01\\\/Boogie-1.jpg\",\"contentUrl\":\"https:\\\/\\\/campingmalibubeach.com\\\/wp-content\\\/uploads\\\/2026\\\/01\\\/Boogie-1.jpg\"},{\"@type\":\"BreadcrumbList\",\"@id\":\"https:\\\/\\\/campingmalibubeach.com\\\/de\\\/art-oasis\\\/boogie-aed-street-artist\\\/#breadcrumb\",\"itemListElement\":[{\"@type\":\"ListItem\",\"position\":1,\"name\":\"Home\",\"item\":\"https:\\\/\\\/campingmalibubeach.com\\\/de\\\/\"},{\"@type\":\"ListItem\",\"position\":2,\"name\":\"Art Oasis\",\"item\":\"https:\\\/\\\/campingmalibubeach.com\\\/de\\\/art-oasis\\\/\"},{\"@type\":\"ListItem\",\"position\":3,\"name\":\"Boogie AED \\\/ Street Artist\"}]},{\"@type\":\"WebSite\",\"@id\":\"https:\\\/\\\/campingmalibubeach.com\\\/de\\\/#website\",\"url\":\"https:\\\/\\\/campingmalibubeach.com\\\/de\\\/\",\"name\":\"Malibu Beach Camping Village Jesolo\",\"description\":\"Urban Art Oasis | Season 2026\",\"publisher\":{\"@id\":\"https:\\\/\\\/campingmalibubeach.com\\\/de\\\/#organization\"},\"potentialAction\":[{\"@type\":\"SearchAction\",\"target\":{\"@type\":\"EntryPoint\",\"urlTemplate\":\"https:\\\/\\\/campingmalibubeach.com\\\/de\\\/?s={search_term_string}\"},\"query-input\":{\"@type\":\"PropertyValueSpecification\",\"valueRequired\":true,\"valueName\":\"search_term_string\"}}],\"inLanguage\":\"de\"},{\"@type\":\"Organization\",\"@id\":\"https:\\\/\\\/campingmalibubeach.com\\\/de\\\/#organization\",\"name\":\"Malibu Beach Camping Village Jesolo\",\"url\":\"https:\\\/\\\/campingmalibubeach.com\\\/de\\\/\",\"logo\":{\"@type\":\"ImageObject\",\"inLanguage\":\"de\",\"@id\":\"https:\\\/\\\/campingmalibubeach.com\\\/de\\\/#\\\/schema\\\/logo\\\/image\\\/\",\"url\":\"https:\\\/\\\/campingmalibubeach.com\\\/wp-content\\\/uploads\\\/2025\\\/12\\\/Logo-Malibu.png\",\"contentUrl\":\"https:\\\/\\\/campingmalibubeach.com\\\/wp-content\\\/uploads\\\/2025\\\/12\\\/Logo-Malibu.png\",\"width\":559,\"height\":100,\"caption\":\"Malibu Beach Camping Village Jesolo\"},\"image\":{\"@id\":\"https:\\\/\\\/campingmalibubeach.com\\\/de\\\/#\\\/schema\\\/logo\\\/image\\\/\"},\"sameAs\":[\"https:\\\/\\\/www.facebook.com\\\/CampingMalibuBeach\",\"https:\\\/\\\/www.instagram.com\\\/campingmalibubeachvillage\\\/\",\"https:\\\/\\\/www.youtube.com\\\/@malibubeachvillage\",\"https:\\\/\\\/www.tripadvisor.it\\\/Hotel_Review-g580246-d2306154-Reviews-Camping_Village_Malibu_Beach-Jesolo_Veneto.htm\"]}]}<\/script>\n<!-- \/ Yoast SEO plugin. -->","yoast_head_json":{"title":"Boogie AED \/ Street Artist - Malibu Beach Camping Village Jesolo","robots":{"index":"index","follow":"follow","max-snippet":"max-snippet:-1","max-image-preview":"max-image-preview:large","max-video-preview":"max-video-preview:-1"},"canonical":"https:\/\/campingmalibubeach.com\/de\/art-oasis\/boogie-aed-street-artist\/","og_locale":"de_DE","og_type":"article","og_title":"Boogie AED \/ Street Artist - Malibu Beach Camping Village Jesolo","og_description":"URBAN ART OASIS Boogie AED \/ Street Artist Instagram Geboren 1971 in Padua.&hellip;","og_url":"https:\/\/campingmalibubeach.com\/de\/art-oasis\/boogie-aed-street-artist\/","og_site_name":"Malibu Beach Camping Village Jesolo","article_publisher":"https:\/\/www.facebook.com\/CampingMalibuBeach","article_modified_time":"2026-02-17T18:49:55+00:00","og_image":[{"width":1500,"height":1875,"url":"https:\/\/campingmalibubeach.com\/wp-content\/uploads\/2026\/01\/Boogie-1.jpg","type":"image\/jpeg"}],"twitter_card":"summary_large_image","twitter_misc":{"Gesch\u00e4tzte Lesezeit":"3\u00a0Minuten"},"schema":{"@context":"https:\/\/schema.org","@graph":[{"@type":"WebPage","@id":"https:\/\/campingmalibubeach.com\/de\/art-oasis\/boogie-aed-street-artist\/","url":"https:\/\/campingmalibubeach.com\/de\/art-oasis\/boogie-aed-street-artist\/","name":"Boogie AED \/ Street Artist - Malibu Beach Camping Village Jesolo","isPartOf":{"@id":"https:\/\/campingmalibubeach.com\/de\/#website"},"primaryImageOfPage":{"@id":"https:\/\/campingmalibubeach.com\/de\/art-oasis\/boogie-aed-street-artist\/#primaryimage"},"image":{"@id":"https:\/\/campingmalibubeach.com\/de\/art-oasis\/boogie-aed-street-artist\/#primaryimage"},"thumbnailUrl":"https:\/\/campingmalibubeach.com\/wp-content\/uploads\/2026\/01\/Boogie-1.jpg","datePublished":"2026-01-16T08:42:19+00:00","dateModified":"2026-02-17T18:49:55+00:00","breadcrumb":{"@id":"https:\/\/campingmalibubeach.com\/de\/art-oasis\/boogie-aed-street-artist\/#breadcrumb"},"inLanguage":"de","potentialAction":[{"@type":"ReadAction","target":["https:\/\/campingmalibubeach.com\/de\/art-oasis\/boogie-aed-street-artist\/"]}]},{"@type":"ImageObject","inLanguage":"de","@id":"https:\/\/campingmalibubeach.com\/de\/art-oasis\/boogie-aed-street-artist\/#primaryimage","url":"https:\/\/campingmalibubeach.com\/wp-content\/uploads\/2026\/01\/Boogie-1.jpg","contentUrl":"https:\/\/campingmalibubeach.com\/wp-content\/uploads\/2026\/01\/Boogie-1.jpg"},{"@type":"BreadcrumbList","@id":"https:\/\/campingmalibubeach.com\/de\/art-oasis\/boogie-aed-street-artist\/#breadcrumb","itemListElement":[{"@type":"ListItem","position":1,"name":"Home","item":"https:\/\/campingmalibubeach.com\/de\/"},{"@type":"ListItem","position":2,"name":"Art Oasis","item":"https:\/\/campingmalibubeach.com\/de\/art-oasis\/"},{"@type":"ListItem","position":3,"name":"Boogie AED \/ Street Artist"}]},{"@type":"WebSite","@id":"https:\/\/campingmalibubeach.com\/de\/#website","url":"https:\/\/campingmalibubeach.com\/de\/","name":"Malibu Beach Camping Village Jesolo","description":"Urban Art Oasis | Season 2026","publisher":{"@id":"https:\/\/campingmalibubeach.com\/de\/#organization"},"potentialAction":[{"@type":"SearchAction","target":{"@type":"EntryPoint","urlTemplate":"https:\/\/campingmalibubeach.com\/de\/?s={search_term_string}"},"query-input":{"@type":"PropertyValueSpecification","valueRequired":true,"valueName":"search_term_string"}}],"inLanguage":"de"},{"@type":"Organization","@id":"https:\/\/campingmalibubeach.com\/de\/#organization","name":"Malibu Beach Camping Village Jesolo","url":"https:\/\/campingmalibubeach.com\/de\/","logo":{"@type":"ImageObject","inLanguage":"de","@id":"https:\/\/campingmalibubeach.com\/de\/#\/schema\/logo\/image\/","url":"https:\/\/campingmalibubeach.com\/wp-content\/uploads\/2025\/12\/Logo-Malibu.png","contentUrl":"https:\/\/campingmalibubeach.com\/wp-content\/uploads\/2025\/12\/Logo-Malibu.png","width":559,"height":100,"caption":"Malibu Beach Camping Village Jesolo"},"image":{"@id":"https:\/\/campingmalibubeach.com\/de\/#\/schema\/logo\/image\/"},"sameAs":["https:\/\/www.facebook.com\/CampingMalibuBeach","https:\/\/www.instagram.com\/campingmalibubeachvillage\/","https:\/\/www.youtube.com\/@malibubeachvillage","https:\/\/www.tripadvisor.it\/Hotel_Review-g580246-d2306154-Reviews-Camping_Village_Malibu_Beach-Jesolo_Veneto.htm"]}]}},"_links":{"self":[{"href":"https:\/\/campingmalibubeach.com\/de\/wp-json\/wp\/v2\/pages\/11197","targetHints":{"allow":["GET"]}}],"collection":[{"href":"https:\/\/campingmalibubeach.com\/de\/wp-json\/wp\/v2\/pages"}],"about":[{"href":"https:\/\/campingmalibubeach.com\/de\/wp-json\/wp\/v2\/types\/page"}],"author":[{"embeddable":true,"href":"https:\/\/campingmalibubeach.com\/de\/wp-json\/wp\/v2\/users\/1"}],"replies":[{"embeddable":true,"href":"https:\/\/campingmalibubeach.com\/de\/wp-json\/wp\/v2\/comments?post=11197"}],"version-history":[{"count":4,"href":"https:\/\/campingmalibubeach.com\/de\/wp-json\/wp\/v2\/pages\/11197\/revisions"}],"predecessor-version":[{"id":12182,"href":"https:\/\/campingmalibubeach.com\/de\/wp-json\/wp\/v2\/pages\/11197\/revisions\/12182"}],"up":[{"embeddable":true,"href":"https:\/\/campingmalibubeach.com\/de\/wp-json\/wp\/v2\/pages\/11080"}],"wp:attachment":[{"href":"https:\/\/campingmalibubeach.com\/de\/wp-json\/wp\/v2\/media?parent=11197"}],"curies":[{"name":"wp","href":"https:\/\/api.w.org\/{rel}","templated":true}]}}