{"id":11384,"date":"2026-01-16T09:59:36","date_gmt":"2026-01-16T08:59:36","guid":{"rendered":"https:\/\/malibu.webcreationagency.it\/art-oasis\/sonia-uniati-fotografin\/"},"modified":"2026-02-17T19:50:44","modified_gmt":"2026-02-17T18:50:44","slug":"sonia-uniati-fotografin","status":"publish","type":"page","link":"https:\/\/campingmalibubeach.com\/de\/art-oasis\/sonia-uniati-fotografin\/","title":{"rendered":"Sonia Uniati \/ Fotografin"},"content":{"rendered":"\t\t<div data-elementor-type=\"wp-page\" data-elementor-id=\"11384\" class=\"elementor elementor-11384 elementor-6308\">\n\t\t\t\t<div class=\"elementor-element elementor-element-3e1b2c44 e-grid e-con-full sc_layouts_column_icons_position_left e-con e-parent\" data-id=\"3e1b2c44\" data-element_type=\"container\" data-e-type=\"container\">\n\t\t\t\t<div data-animation-type=\"block\" class=\"elementor-element elementor-element-49631fde animation_type_block sc_fly_static elementor-invisible elementor-widget elementor-widget-image\" data-id=\"49631fde\" data-element_type=\"widget\" data-e-type=\"widget\" data-settings=\"{&quot;_animation&quot;:&quot;ta_fadeinup&quot;}\" data-widget_type=\"image.default\">\n\t\t\t\t<div class=\"elementor-widget-container\">\n\t\t\t\t\t\t\t\t\t\t\t\t\t\t\t<img fetchpriority=\"high\" decoding=\"async\" width=\"1500\" height=\"1875\" src=\"https:\/\/campingmalibubeach.com\/wp-content\/uploads\/2026\/01\/Sonia_Uniati-1.jpg\" class=\"attachment-full size-full wp-image-11385\" alt=\"\" srcset=\"https:\/\/campingmalibubeach.com\/wp-content\/uploads\/2026\/01\/Sonia_Uniati-1.jpg 1500w, https:\/\/campingmalibubeach.com\/wp-content\/uploads\/2026\/01\/Sonia_Uniati-1-240x300.jpg 240w, https:\/\/campingmalibubeach.com\/wp-content\/uploads\/2026\/01\/Sonia_Uniati-1-819x1024.jpg 819w, https:\/\/campingmalibubeach.com\/wp-content\/uploads\/2026\/01\/Sonia_Uniati-1-768x960.jpg 768w, https:\/\/campingmalibubeach.com\/wp-content\/uploads\/2026\/01\/Sonia_Uniati-1-1229x1536.jpg 1229w, https:\/\/campingmalibubeach.com\/wp-content\/uploads\/2026\/01\/Sonia_Uniati-1-370x463.jpg 370w, https:\/\/campingmalibubeach.com\/wp-content\/uploads\/2026\/01\/Sonia_Uniati-1-924x1155.jpg 924w, https:\/\/campingmalibubeach.com\/wp-content\/uploads\/2026\/01\/Sonia_Uniati-1-410x513.jpg 410w\" sizes=\"(max-width: 1500px) 100vw, 1500px\" \/>\t\t\t\t\t\t\t\t\t\t\t\t\t\t\t<\/div>\n\t\t\t\t<\/div>\n\t\t<div class=\"elementor-element elementor-element-6b5f5418 e-flex e-con-boxed sc_layouts_column_icons_position_left e-con e-child\" data-id=\"6b5f5418\" data-element_type=\"container\" data-e-type=\"container\">\n\t\t\t\t\t<div class=\"e-con-inner\">\n\t\t<div data-animation-type=\"block\" class=\"elementor-element elementor-element-24155c97 e-con-full e-flex sc_layouts_column_icons_position_left animation_type_block elementor-invisible e-con e-child\" data-id=\"24155c97\" data-element_type=\"container\" data-e-type=\"container\" data-settings=\"{&quot;animation&quot;:&quot;ta_fadeinup&quot;,&quot;animation_delay&quot;:200}\">\n\t\t\t\t<div class=\"elementor-element elementor-element-19f8f744 sc_fly_static elementor-widget elementor-widget-heading\" data-id=\"19f8f744\" data-element_type=\"widget\" data-e-type=\"widget\" data-widget_type=\"heading.default\">\n\t\t\t\t<div class=\"elementor-widget-container\">\n\t\t\t\t\t<h6 class=\"elementor-heading-title elementor-size-default\">URBAN ART OASIS<\/h6>\t\t\t\t<\/div>\n\t\t\t\t<\/div>\n\t\t\t\t<div class=\"elementor-element elementor-element-6464f48c sc_fly_static elementor-widget elementor-widget-heading\" data-id=\"6464f48c\" data-element_type=\"widget\" data-e-type=\"widget\" data-widget_type=\"heading.default\">\n\t\t\t\t<div class=\"elementor-widget-container\">\n\t\t\t\t\t<h1 class=\"elementor-heading-title elementor-size-default\"><a href=\"https:\/\/www.instagram.com\/made_514\/\" target=\"_blank\">Sonia Uniati \/ Fotografin<\/a><\/h1>\t\t\t\t<\/div>\n\t\t\t\t<\/div>\n\t\t\t\t<div class=\"elementor-element elementor-element-6a130d73 elementor-shape-circle e-grid-align-left elementor-grid-0 sc_fly_static elementor-widget elementor-widget-social-icons\" data-id=\"6a130d73\" data-element_type=\"widget\" data-e-type=\"widget\" data-widget_type=\"social-icons.default\">\n\t\t\t\t<div class=\"elementor-widget-container\">\n\t\t\t\t\t\t\t<div class=\"elementor-social-icons-wrapper elementor-grid\">\n\t\t\t\t\t\t\t<span class=\"elementor-grid-item\">\n\t\t\t\t\t<a class=\"elementor-icon elementor-social-icon elementor-social-icon-link elementor-repeater-item-cf537a0\" href=\"https:\/\/500px.com\/p\/soniauniati?view=photos\" target=\"_blank\">\n\t\t\t\t\t\t<span class=\"elementor-screen-only\">Link<\/span>\n\t\t\t\t\t\t<svg aria-hidden=\"true\" class=\"e-font-icon-svg e-fas-link\" viewBox=\"0 0 512 512\" xmlns=\"http:\/\/www.w3.org\/2000\/svg\"><path d=\"M326.612 185.391c59.747 59.809 58.927 155.698.36 214.59-.11.12-.24.25-.36.37l-67.2 67.2c-59.27 59.27-155.699 59.262-214.96 0-59.27-59.26-59.27-155.7 0-214.96l37.106-37.106c9.84-9.84 26.786-3.3 27.294 10.606.648 17.722 3.826 35.527 9.69 52.721 1.986 5.822.567 12.262-3.783 16.612l-13.087 13.087c-28.026 28.026-28.905 73.66-1.155 101.96 28.024 28.579 74.086 28.749 102.325.51l67.2-67.19c28.191-28.191 28.073-73.757 0-101.83-3.701-3.694-7.429-6.564-10.341-8.569a16.037 16.037 0 0 1-6.947-12.606c-.396-10.567 3.348-21.456 11.698-29.806l21.054-21.055c5.521-5.521 14.182-6.199 20.584-1.731a152.482 152.482 0 0 1 20.522 17.197zM467.547 44.449c-59.261-59.262-155.69-59.27-214.96 0l-67.2 67.2c-.12.12-.25.25-.36.37-58.566 58.892-59.387 154.781.36 214.59a152.454 152.454 0 0 0 20.521 17.196c6.402 4.468 15.064 3.789 20.584-1.731l21.054-21.055c8.35-8.35 12.094-19.239 11.698-29.806a16.037 16.037 0 0 0-6.947-12.606c-2.912-2.005-6.64-4.875-10.341-8.569-28.073-28.073-28.191-73.639 0-101.83l67.2-67.19c28.239-28.239 74.3-28.069 102.325.51 27.75 28.3 26.872 73.934-1.155 101.96l-13.087 13.087c-4.35 4.35-5.769 10.79-3.783 16.612 5.864 17.194 9.042 34.999 9.69 52.721.509 13.906 17.454 20.446 27.294 10.606l37.106-37.106c59.271-59.259 59.271-155.699.001-214.959z\"><\/path><\/svg>\t\t\t\t\t<\/a>\n\t\t\t\t<\/span>\n\t\t\t\t\t<\/div>\n\t\t\t\t\t\t<\/div>\n\t\t\t\t<\/div>\n\t\t\t\t<div class=\"elementor-element elementor-element-6588cb5c sc_fly_static elementor-widget elementor-widget-text-editor\" data-id=\"6588cb5c\" data-element_type=\"widget\" data-e-type=\"widget\" data-widget_type=\"text-editor.default\">\n\t\t\t\t<div class=\"elementor-widget-container\">\n\t\t\t\t\t\t\t\t\t<p>Ich habe keine romantischen Geschichten dar\u00fcber zu erz\u00e4hlen, wie meine Leidenschaft f\u00fcr die Fotografie entstanden ist, keine Erinnerung an mich als kleines Kind mit der Kamera meiner Eltern in der Hand, keinen angeborenen Wunsch, von klein auf Fotos zu machen. Aber ich liebte das Zeichnen; als Kind habe ich sehr viel gezeichnet, was mich dazu f\u00fchrte, ein Abitur mit k\u00fcnstlerischem Schwerpunkt zu machen. Vielleicht gab es schon damals erste Anzeichen\u2026 aber die Leidenschaft entdeckte ich erst mit etwa 27 Jahren fast zuf\u00e4llig: An einem herbstlichen Sonntagmorgen beschloss ich, ohne besonderen Grund mit der alten Spiegelreflexkamera und einer Filmrolle ans Meer zu fahren.<br>Ich hielt Ausbildung in jedem Lebensbereich schon immer f\u00fcr grundlegend, und die Fotografie bildete da keine Ausnahme. Es folgten Kurse und Workshops, die es mir erm\u00f6glichten, erst die Grundlagen und dann fortgeschrittene Techniken zu erlernen, wobei ich mich in verschiedenen Genres bewegte: vom Portr\u00e4t \u00fcber Stillleben bis hin zur Reportage. Eine Reise innerhalb dieser Kunst, die bis heute andauert.<br>Ich bin ein Mensch der wenigen Worte, und vielleicht gerade deshalb erlaubt mir die Fotografie, meine Sicht auf die Welt zu schildern: den unbeobachteten Moment, die Spur, dass etwas gleich geschehen wird oder geschehen ist. Ich suche den perfekten Augenblick, wenn die Welt alle ihre Abwehrmechanismen fallen l\u00e4sst und ihre Sch\u00f6nheit in dem zeigt, was in den Augen der meisten wie ein unbedeutendes Detail erscheinen mag.      <\/p>\t\t\t\t\t\t\t\t<\/div>\n\t\t\t\t<\/div>\n\t\t\t\t<\/div>\n\t\t\t\t\t<\/div>\n\t\t\t\t<\/div>\n\t\t\t\t<\/div>\n\t\t<div class=\"elementor-element elementor-element-2d846caf e-grid e-con-boxed sc_layouts_column_icons_position_left e-con e-parent\" data-id=\"2d846caf\" data-element_type=\"container\" data-e-type=\"container\" data-settings=\"{&quot;background_background&quot;:&quot;classic&quot;}\">\n\t\t\t\t\t<div class=\"e-con-inner\">\n\t\t\t\t<div class=\"elementor-element elementor-element-1e37f7b9 sc_fly_static elementor-widget elementor-widget-heading\" data-id=\"1e37f7b9\" data-element_type=\"widget\" data-e-type=\"widget\" data-widget_type=\"heading.default\">\n\t\t\t\t<div class=\"elementor-widget-container\">\n\t\t\t\t\t<h2 class=\"elementor-heading-title elementor-size-default\">Die Fotoaufnahmen<\/h2>\t\t\t\t<\/div>\n\t\t\t\t<\/div>\n\t\t\t\t\t<\/div>\n\t\t\t\t<\/div>\n\t\t<div class=\"elementor-element elementor-element-dcd0217 e-flex e-con-boxed sc_layouts_column_icons_position_left e-con e-parent\" data-id=\"dcd0217\" data-element_type=\"container\" data-e-type=\"container\" data-settings=\"{&quot;background_background&quot;:&quot;classic&quot;}\">\n\t\t\t\t\t<div class=\"e-con-inner\">\n\t\t<div class=\"elementor-element elementor-element-bf9dab8 e-con-full e-flex sc_layouts_column_icons_position_left e-con e-child\" data-id=\"bf9dab8\" data-element_type=\"container\" data-e-type=\"container\">\n\t\t<div data-animation-type=\"block\" class=\"elementor-element elementor-element-6e296ed5 e-con-full e-flex sc_layouts_column_icons_position_left animation_type_block elementor-invisible e-con e-child\" data-id=\"6e296ed5\" data-element_type=\"container\" data-e-type=\"container\" data-settings=\"{&quot;background_background&quot;:&quot;classic&quot;,&quot;animation&quot;:&quot;ta_fadeinup&quot;}\">\n\t\t\t\t<div class=\"elementor-element elementor-element-2d211e5f with-elementor-animation-trx_hover_zoom with-hover-on-widget trx-addons-info-box-top sc_fly_static elementor-widget elementor-widget-trx_elm_info_box\" data-id=\"2d211e5f\" data-element_type=\"widget\" data-e-type=\"widget\" data-settings=\"{&quot;icon_position&quot;:&quot;top&quot;}\" data-widget_type=\"trx_elm_info_box.default\">\n\t\t\t\t<div class=\"elementor-widget-container\">\n\t\t\t\t\t\t\t<div class=\"trx-addons-info-box-container\"><div class=\"trx-addons-info-box\">\n\t\t\t\t\t\t\t\t\t<div class=\"trx-addons-info-box-icon-wrap trx-addons-info-box-icon-type-image\">\t\t<span class=\"trx-addons-info-box-icon trx-addons-icon\">\n\t\t\t<span class=\"trx-addons-info-box-icon-inner elementor-animation-trx_hover_zoom\">\n\t\t\t\t<img decoding=\"async\" width=\"1200\" height=\"800\" src=\"https:\/\/campingmalibubeach.com\/wp-content\/uploads\/2026\/01\/Galleria-fotografica-Anna-Socci-e-Sonia-Uniati.jpg\" class=\"attachment-full size-full wp-image-6317\" alt=\"\" srcset=\"https:\/\/campingmalibubeach.com\/wp-content\/uploads\/2026\/01\/Galleria-fotografica-Anna-Socci-e-Sonia-Uniati.jpg 1200w, https:\/\/campingmalibubeach.com\/wp-content\/uploads\/2026\/01\/Galleria-fotografica-Anna-Socci-e-Sonia-Uniati-300x200.jpg 300w, https:\/\/campingmalibubeach.com\/wp-content\/uploads\/2026\/01\/Galleria-fotografica-Anna-Socci-e-Sonia-Uniati-1024x683.jpg 1024w, https:\/\/campingmalibubeach.com\/wp-content\/uploads\/2026\/01\/Galleria-fotografica-Anna-Socci-e-Sonia-Uniati-768x512.jpg 768w, https:\/\/campingmalibubeach.com\/wp-content\/uploads\/2026\/01\/Galleria-fotografica-Anna-Socci-e-Sonia-Uniati-370x247.jpg 370w, https:\/\/campingmalibubeach.com\/wp-content\/uploads\/2026\/01\/Galleria-fotografica-Anna-Socci-e-Sonia-Uniati-924x616.jpg 924w, https:\/\/campingmalibubeach.com\/wp-content\/uploads\/2026\/01\/Galleria-fotografica-Anna-Socci-e-Sonia-Uniati-410x273.jpg 410w\" sizes=\"(max-width: 1200px) 100vw, 1200px\" \/>\t\t\t<\/span>\n\t\t<\/span>\n\t\t<\/div>\n\t\t\t\t\t\t\t\t<div class=\"trx-addons-info-box-content\">\n\t\t\t\t\t<div class=\"trx-addons-info-box-title-wrap\">\n\t\t\t\t\t\t\t\t\t\t\t<\/div>\n\n\t\t\t\t\t\n\t\t\t\t\t\t\t\t\t\t\t\t\t\t<\/div>\n\t\t\t<\/div>\n\t\t<\/div>\n\t\t\t\t\t\t<\/div>\n\t\t\t\t<\/div>\n\t\t\t\t<\/div>\n\t\t\t\t<\/div>\n\t\t<div class=\"elementor-element elementor-element-6fc4861 e-con-full e-flex sc_layouts_column_icons_position_left e-con e-child\" data-id=\"6fc4861\" data-element_type=\"container\" data-e-type=\"container\">\n\t\t<div data-animation-type=\"block\" class=\"elementor-element elementor-element-3c4c320d e-con-full e-flex sc_layouts_column_icons_position_left animation_type_block elementor-invisible e-con e-child\" data-id=\"3c4c320d\" data-element_type=\"container\" data-e-type=\"container\" data-settings=\"{&quot;background_background&quot;:&quot;classic&quot;,&quot;animation&quot;:&quot;ta_fadeinup&quot;,&quot;animation_delay&quot;:100}\">\n\t\t\t\t<div class=\"elementor-element elementor-element-7a1a131 sc_fly_static elementor-widget elementor-widget-text-editor\" data-id=\"7a1a131\" data-element_type=\"widget\" data-e-type=\"widget\" data-widget_type=\"text-editor.default\">\n\t\t\t\t<div class=\"elementor-widget-container\">\n\t\t\t\t\t\t\t\t\t<p>In den neuen <strong>Mobile Homes<\/strong> wurde eine k\u00fcnstlerische Intervention realisiert: Die Aufnahmen der Fotografinnen <strong>Anna Socci<\/strong> und <strong>Sonia Uniati<\/strong> folgen an den W\u00e4nden der Schlafzimmer aufeinander und bilden eine ideale <strong>Fotogalerie<\/strong>, die vom Leitthema \u201eUrban Art Oasis\u201c inspiriert ist.<\/p>\t\t\t\t\t\t\t\t<\/div>\n\t\t\t\t<\/div>\n\t\t\t\t<\/div>\n\t\t\t\t<\/div>\n\t\t\t\t\t<\/div>\n\t\t\t\t<\/div>\n\t\t<div class=\"elementor-element elementor-element-56f1b5d1 e-con-full e-flex sc_layouts_column_icons_position_left e-con e-parent\" data-id=\"56f1b5d1\" data-element_type=\"container\" data-e-type=\"container\">\n\t\t<div class=\"elementor-element elementor-element-5d56ea4d e-con-full e-flex sc_layouts_column_icons_position_left e-con e-child\" data-id=\"5d56ea4d\" data-element_type=\"container\" data-e-type=\"container\" data-settings=\"{&quot;background_background&quot;:&quot;classic&quot;}\">\n\t\t<div class=\"elementor-element elementor-element-632accc3 e-con-full e-flex sc_layouts_column_icons_position_left e-con e-child\" data-id=\"632accc3\" data-element_type=\"container\" data-e-type=\"container\">\n\t\t<div class=\"elementor-element elementor-element-25b47879 e-con-full e-flex sc_layouts_column_icons_position_left e-con e-child\" data-id=\"25b47879\" data-element_type=\"container\" data-e-type=\"container\">\n\t\t\t\t<div data-animation-type=\"block\" class=\"elementor-element elementor-element-2912fe64 elementor-widget__width-initial animation_type_block sc_fly_static elementor-invisible elementor-widget elementor-widget-heading\" data-id=\"2912fe64\" data-element_type=\"widget\" data-e-type=\"widget\" data-settings=\"{&quot;_animation&quot;:&quot;ta_fadeinup&quot;}\" data-widget_type=\"heading.default\">\n\t\t\t\t<div class=\"elementor-widget-container\">\n\t\t\t\t\t<h2 class=\"elementor-heading-title elementor-size-default\">Sind Sie ein junger K\u00fcnstler und m\u00f6chten Ihre Kunstwerke im Malibu Beach Village ausstellen?<\/h2>\t\t\t\t<\/div>\n\t\t\t\t<\/div>\n\t\t\t\t<\/div>\n\t\t<div class=\"elementor-element elementor-element-7ffdfac5 e-con-full e-flex sc_layouts_column_icons_position_left e-con e-child\" data-id=\"7ffdfac5\" data-element_type=\"container\" data-e-type=\"container\">\n\t\t\t\t<div data-animation-type=\"block\" class=\"elementor-element elementor-element-550d88e7 animation_type_block sc_fly_static elementor-invisible elementor-widget elementor-widget-button\" data-id=\"550d88e7\" data-element_type=\"widget\" data-e-type=\"widget\" data-settings=\"{&quot;_animation&quot;:&quot;ta_fadeinup&quot;,&quot;_animation_delay&quot;:100}\" data-widget_type=\"button.default\">\n\t\t\t\t<div class=\"elementor-widget-container\">\n\t\t\t\t\t\t\t\t\t<div class=\"elementor-button-wrapper\">\n\t\t\t\t\t<a class=\"elementor-button elementor-button-link elementor-size-sm\" href=\"\/de\/art-oasis\/kuenstlerregistrierung\/\">\n\t\t\t\t\t\t<span class=\"elementor-button-content-wrapper\">\n\t\t\t\t\t\t\t\t\t<span class=\"elementor-button-text\">REGISTRIERUNG<\/span>\n\t\t\t\t\t<\/span>\n\t\t\t\t\t<\/a>\n\t\t\t\t<\/div>\n\t\t\t\t\t\t\t\t<\/div>\n\t\t\t\t<\/div>\n\t\t\t\t<\/div>\n\t\t\t\t<\/div>\n\t\t\t\t<\/div>\n\t\t\t\t<\/div>\n\t\t\t\t<\/div>\n\t\t","protected":false},"excerpt":{"rendered":"<p>URBAN ART OASIS Sonia Uniati \/ Fotografin Link Ich habe keine romantischen Geschichten&hellip;<\/p>\n","protected":false},"author":1,"featured_media":0,"parent":11080,"menu_order":0,"comment_status":"closed","ping_status":"closed","template":"","meta":{"footnotes":""},"class_list":["post-11384","page","type-page","status-publish","hentry"],"yoast_head":"<!-- This site is optimized with the Yoast SEO plugin v27.2 - https:\/\/yoast.com\/product\/yoast-seo-wordpress\/ -->\n<title>Sonia Uniati \/ Fotografin - Malibu Beach Camping Village Jesolo<\/title>\n<meta name=\"robots\" content=\"index, follow, max-snippet:-1, max-image-preview:large, max-video-preview:-1\" \/>\n<link rel=\"canonical\" href=\"https:\/\/campingmalibubeach.com\/de\/art-oasis\/sonia-uniati-fotografin\/\" \/>\n<meta property=\"og:locale\" content=\"de_DE\" \/>\n<meta property=\"og:type\" content=\"article\" \/>\n<meta property=\"og:title\" content=\"Sonia Uniati \/ Fotografin - Malibu Beach Camping Village Jesolo\" \/>\n<meta property=\"og:description\" content=\"URBAN ART OASIS Sonia Uniati \/ Fotografin Link Ich habe keine romantischen Geschichten&hellip;\" \/>\n<meta property=\"og:url\" content=\"https:\/\/campingmalibubeach.com\/de\/art-oasis\/sonia-uniati-fotografin\/\" \/>\n<meta property=\"og:site_name\" content=\"Malibu Beach Camping Village Jesolo\" \/>\n<meta property=\"article:publisher\" content=\"https:\/\/www.facebook.com\/CampingMalibuBeach\" \/>\n<meta property=\"article:modified_time\" content=\"2026-02-17T18:50:44+00:00\" \/>\n<meta property=\"og:image\" content=\"https:\/\/campingmalibubeach.com\/wp-content\/uploads\/2026\/01\/Sonia_Uniati-1.jpg\" \/>\n\t<meta property=\"og:image:width\" content=\"1500\" \/>\n\t<meta property=\"og:image:height\" content=\"1875\" \/>\n\t<meta property=\"og:image:type\" content=\"image\/jpeg\" \/>\n<meta name=\"twitter:card\" content=\"summary_large_image\" \/>\n<meta name=\"twitter:label1\" content=\"Gesch\u00e4tzte Lesezeit\" \/>\n\t<meta name=\"twitter:data1\" content=\"3\u00a0Minuten\" \/>\n<script type=\"application\/ld+json\" class=\"yoast-schema-graph\">{\"@context\":\"https:\/\/schema.org\",\"@graph\":[{\"@type\":\"WebPage\",\"@id\":\"https:\/\/campingmalibubeach.com\/de\/art-oasis\/sonia-uniati-fotografin\/\",\"url\":\"https:\/\/campingmalibubeach.com\/de\/art-oasis\/sonia-uniati-fotografin\/\",\"name\":\"Sonia Uniati \/ Fotografin - Malibu Beach Camping Village Jesolo\",\"isPartOf\":{\"@id\":\"https:\/\/campingmalibubeach.com\/de\/#website\"},\"primaryImageOfPage\":{\"@id\":\"https:\/\/campingmalibubeach.com\/de\/art-oasis\/sonia-uniati-fotografin\/#primaryimage\"},\"image\":{\"@id\":\"https:\/\/campingmalibubeach.com\/de\/art-oasis\/sonia-uniati-fotografin\/#primaryimage\"},\"thumbnailUrl\":\"https:\/\/campingmalibubeach.com\/wp-content\/uploads\/2026\/01\/Sonia_Uniati-1.jpg\",\"datePublished\":\"2026-01-16T08:59:36+00:00\",\"dateModified\":\"2026-02-17T18:50:44+00:00\",\"breadcrumb\":{\"@id\":\"https:\/\/campingmalibubeach.com\/de\/art-oasis\/sonia-uniati-fotografin\/#breadcrumb\"},\"inLanguage\":\"de\",\"potentialAction\":[{\"@type\":\"ReadAction\",\"target\":[\"https:\/\/campingmalibubeach.com\/de\/art-oasis\/sonia-uniati-fotografin\/\"]}]},{\"@type\":\"ImageObject\",\"inLanguage\":\"de\",\"@id\":\"https:\/\/campingmalibubeach.com\/de\/art-oasis\/sonia-uniati-fotografin\/#primaryimage\",\"url\":\"https:\/\/campingmalibubeach.com\/wp-content\/uploads\/2026\/01\/Sonia_Uniati-1.jpg\",\"contentUrl\":\"https:\/\/campingmalibubeach.com\/wp-content\/uploads\/2026\/01\/Sonia_Uniati-1.jpg\"},{\"@type\":\"BreadcrumbList\",\"@id\":\"https:\/\/campingmalibubeach.com\/de\/art-oasis\/sonia-uniati-fotografin\/#breadcrumb\",\"itemListElement\":[{\"@type\":\"ListItem\",\"position\":1,\"name\":\"Home\",\"item\":\"https:\/\/malibu.webcreationagency.it\/\"},{\"@type\":\"ListItem\",\"position\":2,\"name\":\"Art Oasis\",\"item\":\"https:\/\/campingmalibubeach.com\/de\/art-oasis\/\"},{\"@type\":\"ListItem\",\"position\":3,\"name\":\"Sonia Uniati \/ Fotografin\"}]},{\"@type\":\"WebSite\",\"@id\":\"https:\/\/campingmalibubeach.com\/de\/#website\",\"url\":\"https:\/\/campingmalibubeach.com\/de\/\",\"name\":\"Malibu Beach Camping Village Jesolo\",\"description\":\"Urban Art Oasis | Season 2026\",\"publisher\":{\"@id\":\"https:\/\/campingmalibubeach.com\/de\/#organization\"},\"potentialAction\":[{\"@type\":\"SearchAction\",\"target\":{\"@type\":\"EntryPoint\",\"urlTemplate\":\"https:\/\/campingmalibubeach.com\/de\/?s={search_term_string}\"},\"query-input\":{\"@type\":\"PropertyValueSpecification\",\"valueRequired\":true,\"valueName\":\"search_term_string\"}}],\"inLanguage\":\"de\"},{\"@type\":\"Organization\",\"@id\":\"https:\/\/campingmalibubeach.com\/de\/#organization\",\"name\":\"Malibu Beach Camping Village Jesolo\",\"url\":\"https:\/\/campingmalibubeach.com\/de\/\",\"logo\":{\"@type\":\"ImageObject\",\"inLanguage\":\"de\",\"@id\":\"https:\/\/campingmalibubeach.com\/de\/#\/schema\/logo\/image\/\",\"url\":\"https:\/\/campingmalibubeach.com\/wp-content\/uploads\/2025\/12\/Logo-Malibu.png\",\"contentUrl\":\"https:\/\/campingmalibubeach.com\/wp-content\/uploads\/2025\/12\/Logo-Malibu.png\",\"width\":559,\"height\":100,\"caption\":\"Malibu Beach Camping Village Jesolo\"},\"image\":{\"@id\":\"https:\/\/campingmalibubeach.com\/de\/#\/schema\/logo\/image\/\"},\"sameAs\":[\"https:\/\/www.facebook.com\/CampingMalibuBeach\",\"https:\/\/www.instagram.com\/campingmalibubeachvillage\/\",\"https:\/\/www.youtube.com\/@malibubeachvillage\",\"https:\/\/www.tripadvisor.it\/Hotel_Review-g580246-d2306154-Reviews-Camping_Village_Malibu_Beach-Jesolo_Veneto.htm\"]}]}<\/script>\n<!-- \/ Yoast SEO plugin. -->","yoast_head_json":{"title":"Sonia Uniati \/ Fotografin - Malibu Beach Camping Village Jesolo","robots":{"index":"index","follow":"follow","max-snippet":"max-snippet:-1","max-image-preview":"max-image-preview:large","max-video-preview":"max-video-preview:-1"},"canonical":"https:\/\/campingmalibubeach.com\/de\/art-oasis\/sonia-uniati-fotografin\/","og_locale":"de_DE","og_type":"article","og_title":"Sonia Uniati \/ Fotografin - Malibu Beach Camping Village Jesolo","og_description":"URBAN ART OASIS Sonia Uniati \/ Fotografin Link Ich habe keine romantischen Geschichten&hellip;","og_url":"https:\/\/campingmalibubeach.com\/de\/art-oasis\/sonia-uniati-fotografin\/","og_site_name":"Malibu Beach Camping Village Jesolo","article_publisher":"https:\/\/www.facebook.com\/CampingMalibuBeach","article_modified_time":"2026-02-17T18:50:44+00:00","og_image":[{"width":1500,"height":1875,"url":"https:\/\/campingmalibubeach.com\/wp-content\/uploads\/2026\/01\/Sonia_Uniati-1.jpg","type":"image\/jpeg"}],"twitter_card":"summary_large_image","twitter_misc":{"Gesch\u00e4tzte Lesezeit":"3\u00a0Minuten"},"schema":{"@context":"https:\/\/schema.org","@graph":[{"@type":"WebPage","@id":"https:\/\/campingmalibubeach.com\/de\/art-oasis\/sonia-uniati-fotografin\/","url":"https:\/\/campingmalibubeach.com\/de\/art-oasis\/sonia-uniati-fotografin\/","name":"Sonia Uniati \/ Fotografin - Malibu Beach Camping Village Jesolo","isPartOf":{"@id":"https:\/\/campingmalibubeach.com\/de\/#website"},"primaryImageOfPage":{"@id":"https:\/\/campingmalibubeach.com\/de\/art-oasis\/sonia-uniati-fotografin\/#primaryimage"},"image":{"@id":"https:\/\/campingmalibubeach.com\/de\/art-oasis\/sonia-uniati-fotografin\/#primaryimage"},"thumbnailUrl":"https:\/\/campingmalibubeach.com\/wp-content\/uploads\/2026\/01\/Sonia_Uniati-1.jpg","datePublished":"2026-01-16T08:59:36+00:00","dateModified":"2026-02-17T18:50:44+00:00","breadcrumb":{"@id":"https:\/\/campingmalibubeach.com\/de\/art-oasis\/sonia-uniati-fotografin\/#breadcrumb"},"inLanguage":"de","potentialAction":[{"@type":"ReadAction","target":["https:\/\/campingmalibubeach.com\/de\/art-oasis\/sonia-uniati-fotografin\/"]}]},{"@type":"ImageObject","inLanguage":"de","@id":"https:\/\/campingmalibubeach.com\/de\/art-oasis\/sonia-uniati-fotografin\/#primaryimage","url":"https:\/\/campingmalibubeach.com\/wp-content\/uploads\/2026\/01\/Sonia_Uniati-1.jpg","contentUrl":"https:\/\/campingmalibubeach.com\/wp-content\/uploads\/2026\/01\/Sonia_Uniati-1.jpg"},{"@type":"BreadcrumbList","@id":"https:\/\/campingmalibubeach.com\/de\/art-oasis\/sonia-uniati-fotografin\/#breadcrumb","itemListElement":[{"@type":"ListItem","position":1,"name":"Home","item":"https:\/\/malibu.webcreationagency.it\/"},{"@type":"ListItem","position":2,"name":"Art Oasis","item":"https:\/\/campingmalibubeach.com\/de\/art-oasis\/"},{"@type":"ListItem","position":3,"name":"Sonia Uniati \/ Fotografin"}]},{"@type":"WebSite","@id":"https:\/\/campingmalibubeach.com\/de\/#website","url":"https:\/\/campingmalibubeach.com\/de\/","name":"Malibu Beach Camping Village Jesolo","description":"Urban Art Oasis | Season 2026","publisher":{"@id":"https:\/\/campingmalibubeach.com\/de\/#organization"},"potentialAction":[{"@type":"SearchAction","target":{"@type":"EntryPoint","urlTemplate":"https:\/\/campingmalibubeach.com\/de\/?s={search_term_string}"},"query-input":{"@type":"PropertyValueSpecification","valueRequired":true,"valueName":"search_term_string"}}],"inLanguage":"de"},{"@type":"Organization","@id":"https:\/\/campingmalibubeach.com\/de\/#organization","name":"Malibu Beach Camping Village Jesolo","url":"https:\/\/campingmalibubeach.com\/de\/","logo":{"@type":"ImageObject","inLanguage":"de","@id":"https:\/\/campingmalibubeach.com\/de\/#\/schema\/logo\/image\/","url":"https:\/\/campingmalibubeach.com\/wp-content\/uploads\/2025\/12\/Logo-Malibu.png","contentUrl":"https:\/\/campingmalibubeach.com\/wp-content\/uploads\/2025\/12\/Logo-Malibu.png","width":559,"height":100,"caption":"Malibu Beach Camping Village Jesolo"},"image":{"@id":"https:\/\/campingmalibubeach.com\/de\/#\/schema\/logo\/image\/"},"sameAs":["https:\/\/www.facebook.com\/CampingMalibuBeach","https:\/\/www.instagram.com\/campingmalibubeachvillage\/","https:\/\/www.youtube.com\/@malibubeachvillage","https:\/\/www.tripadvisor.it\/Hotel_Review-g580246-d2306154-Reviews-Camping_Village_Malibu_Beach-Jesolo_Veneto.htm"]}]}},"_links":{"self":[{"href":"https:\/\/campingmalibubeach.com\/de\/wp-json\/wp\/v2\/pages\/11384","targetHints":{"allow":["GET"]}}],"collection":[{"href":"https:\/\/campingmalibubeach.com\/de\/wp-json\/wp\/v2\/pages"}],"about":[{"href":"https:\/\/campingmalibubeach.com\/de\/wp-json\/wp\/v2\/types\/page"}],"author":[{"embeddable":true,"href":"https:\/\/campingmalibubeach.com\/de\/wp-json\/wp\/v2\/users\/1"}],"replies":[{"embeddable":true,"href":"https:\/\/campingmalibubeach.com\/de\/wp-json\/wp\/v2\/comments?post=11384"}],"version-history":[{"count":4,"href":"https:\/\/campingmalibubeach.com\/de\/wp-json\/wp\/v2\/pages\/11384\/revisions"}],"predecessor-version":[{"id":12191,"href":"https:\/\/campingmalibubeach.com\/de\/wp-json\/wp\/v2\/pages\/11384\/revisions\/12191"}],"up":[{"embeddable":true,"href":"https:\/\/campingmalibubeach.com\/de\/wp-json\/wp\/v2\/pages\/11080"}],"wp:attachment":[{"href":"https:\/\/campingmalibubeach.com\/de\/wp-json\/wp\/v2\/media?parent=11384"}],"curies":[{"name":"wp","href":"https:\/\/api.w.org\/{rel}","templated":true}]}}